{"id":33057,"date":"2022-10-21T23:16:56","date_gmt":"2022-10-22T02:16:56","guid":{"rendered":"https:\/\/compa-rj.com.br\/?page_id=33057"},"modified":"2022-10-21T23:21:46","modified_gmt":"2022-10-22T02:21:46","slug":"patio-engenheiro-richard","status":"publish","type":"page","link":"https:\/\/compa-rj.com.br\/es\/mapa\/patio-engenheiro-richard\/","title":{"rendered":"P\u00e1tio Engenheiro Richard"},"content":{"rendered":"\t\t<div data-elementor-type=\"wp-page\" data-elementor-id=\"33057\" class=\"elementor elementor-33057\" data-elementor-post-type=\"page\">\n\t\t\t\t\t\t<section class=\"elementor-section elementor-top-section elementor-element elementor-element-66e5faf elementor-section-boxed elementor-section-height-default elementor-section-height-default\" data-id=\"66e5faf\" data-element_type=\"section\" data-settings=\"{&quot;background_background&quot;:&quot;classic&quot;,&quot;motion_fx_motion_fx_scrolling&quot;:&quot;yes&quot;,&quot;sticky&quot;:&quot;top&quot;,&quot;motion_fx_devices&quot;:[&quot;desktop&quot;,&quot;tablet&quot;,&quot;mobile&quot;],&quot;sticky_on&quot;:[&quot;desktop&quot;,&quot;tablet&quot;,&quot;mobile&quot;],&quot;sticky_offset&quot;:0,&quot;sticky_effects_offset&quot;:0,&quot;sticky_anchor_link_offset&quot;:0}\">\n\t\t\t\t\t\t<div class=\"elementor-container elementor-column-gap-default\">\n\t\t\t\t\t<div class=\"elementor-column elementor-col-33 elementor-top-column elementor-element elementor-element-6c81b85 elementor-hidden-mobile\" data-id=\"6c81b85\" data-element_type=\"column\">\n\t\t\t<div class=\"elementor-widget-wrap elementor-element-populated\">\n\t\t\t\t\t\t<div class=\"elementor-element elementor-element-8b7d440 elementor-widget elementor-widget-image\" data-id=\"8b7d440\" data-element_type=\"widget\" data-widget_type=\"image.default\">\n\t\t\t\t<div class=\"elementor-widget-container\">\n\t\t\t\t\t\t\t\t\t\t\t\t\t\t\t<img decoding=\"async\" width=\"192\" height=\"81\" src=\"https:\/\/compa-rj.com.br\/wp-content\/uploads\/2022\/08\/Logo-85-Horizontal_1.png\" class=\"attachment-large size-large wp-image-32488\" alt=\"\" srcset=\"https:\/\/compa-rj.com.br\/wp-content\/uploads\/2022\/08\/Logo-85-Horizontal_1.png 192w, https:\/\/compa-rj.com.br\/wp-content\/uploads\/2022\/08\/Logo-85-Horizontal_1-18x8.png 18w, https:\/\/compa-rj.com.br\/wp-content\/uploads\/2022\/08\/Logo-85-Horizontal_1-50x21.png 50w, https:\/\/compa-rj.com.br\/wp-content\/uploads\/2022\/08\/Logo-85-Horizontal_1-150x63.png 150w\" sizes=\"(max-width:767px) 192px, 192px\" \/>\t\t\t\t\t\t\t\t\t\t\t\t\t\t\t<\/div>\n\t\t\t\t<\/div>\n\t\t\t\t\t<\/div>\n\t\t<\/div>\n\t\t\t\t<div class=\"elementor-column elementor-col-33 elementor-top-column elementor-element elementor-element-e9fbc1e\" data-id=\"e9fbc1e\" data-element_type=\"column\">\n\t\t\t<div class=\"elementor-widget-wrap elementor-element-populated\">\n\t\t\t\t\t\t<div class=\"elementor-element elementor-element-e4ce9e8 elementor-widget elementor-widget-text-editor\" data-id=\"e4ce9e8\" data-element_type=\"widget\" data-widget_type=\"text-editor.default\">\n\t\t\t\t<div class=\"elementor-widget-container\">\n\t\t\t\t\t\t\t\t\t<p style=\"color: #0b3e7f\"><strong>COMPA RIO:<\/strong> Do Mini Maternal ao Ensino M\u00e9dio!<\/p>\t\t\t\t\t\t\t\t<\/div>\n\t\t\t\t<\/div>\n\t\t\t\t\t<\/div>\n\t\t<\/div>\n\t\t\t\t<div class=\"elementor-column elementor-col-33 elementor-top-column elementor-element elementor-element-58d39ca\" data-id=\"58d39ca\" data-element_type=\"column\">\n\t\t\t<div class=\"elementor-widget-wrap elementor-element-populated\">\n\t\t\t\t\t\t<div class=\"elementor-element elementor-element-05918d0 elementor-button-warning elementor-align-right elementor-mobile-align-center elementor-widget elementor-widget-button\" data-id=\"05918d0\" data-element_type=\"widget\" data-widget_type=\"button.default\">\n\t\t\t\t<div class=\"elementor-widget-container\">\n\t\t\t\t\t\t\t\t\t<div class=\"elementor-button-wrapper\">\n\t\t\t\t\t<a class=\"elementor-button elementor-button-link elementor-size-sm elementor-animation-wobble-vertical\" href=\"https:\/\/compa-rj.com.br\/ingresso-2023\/\">\n\t\t\t\t\t\t<span class=\"elementor-button-content-wrapper\">\n\t\t\t\t\t\t\t\t\t<span class=\"elementor-button-text\">Saiba mais!<\/span>\n\t\t\t\t\t<\/span>\n\t\t\t\t\t<\/a>\n\t\t\t\t<\/div>\n\t\t\t\t\t\t\t\t<\/div>\n\t\t\t\t<\/div>\n\t\t\t\t\t<\/div>\n\t\t<\/div>\n\t\t\t\t\t<\/div>\n\t\t<\/section>\n\t\t\t\t<section class=\"elementor-section elementor-top-section elementor-element elementor-element-ad1f330 elementor-section-boxed elementor-section-height-default elementor-section-height-default\" data-id=\"ad1f330\" data-element_type=\"section\">\n\t\t\t\t\t\t<div class=\"elementor-container elementor-column-gap-default\">\n\t\t\t\t\t<div class=\"elementor-column elementor-col-100 elementor-top-column elementor-element elementor-element-e1148b9\" data-id=\"e1148b9\" data-element_type=\"column\">\n\t\t\t<div class=\"elementor-widget-wrap elementor-element-populated\">\n\t\t\t\t\t\t<div class=\"elementor-element elementor-element-cc4b669 elementor-widget elementor-widget-spacer\" data-id=\"cc4b669\" data-element_type=\"widget\" data-widget_type=\"spacer.default\">\n\t\t\t\t<div class=\"elementor-widget-container\">\n\t\t\t\t\t\t\t<div class=\"elementor-spacer\">\n\t\t\t<div class=\"elementor-spacer-inner\"><\/div>\n\t\t<\/div>\n\t\t\t\t\t\t<\/div>\n\t\t\t\t<\/div>\n\t\t\t\t\t<\/div>\n\t\t<\/div>\n\t\t\t\t\t<\/div>\n\t\t<\/section>\n\t\t\t\t<section class=\"elementor-section elementor-top-section elementor-element elementor-element-427cf2f elementor-section-boxed elementor-section-height-default elementor-section-height-default\" data-id=\"427cf2f\" data-element_type=\"section\">\n\t\t\t\t\t\t<div class=\"elementor-container elementor-column-gap-default\">\n\t\t\t\t\t<div class=\"elementor-column elementor-col-100 elementor-top-column elementor-element elementor-element-db30cca\" data-id=\"db30cca\" data-element_type=\"column\">\n\t\t\t<div class=\"elementor-widget-wrap elementor-element-populated\">\n\t\t\t\t\t\t<div class=\"elementor-element elementor-element-81af23e elementor-widget elementor-widget-heading\" data-id=\"81af23e\" data-element_type=\"widget\" data-widget_type=\"heading.default\">\n\t\t\t\t<div class=\"elementor-widget-container\">\n\t\t\t\t\t<h2 class=\"elementor-heading-title elementor-size-default\">P\u00e1tio Engenheiro Richard<\/h2>\t\t\t\t<\/div>\n\t\t\t\t<\/div>\n\t\t\t\t<div class=\"elementor-element elementor-element-c250dcb elementor-button-info elementor-align-center elementor-widget__width-inherit elementor-widget elementor-widget-button\" data-id=\"c250dcb\" data-element_type=\"widget\" data-widget_type=\"button.default\">\n\t\t\t\t<div class=\"elementor-widget-container\">\n\t\t\t\t\t\t\t\t\t<div class=\"elementor-button-wrapper\">\n\t\t\t\t\t<a class=\"elementor-button elementor-button-link elementor-size-sm\" href=\"\/mapa\">\n\t\t\t\t\t\t<span class=\"elementor-button-content-wrapper\">\n\t\t\t\t\t\t\t\t\t<span class=\"elementor-button-text\">Voltar<\/span>\n\t\t\t\t\t<\/span>\n\t\t\t\t\t<\/a>\n\t\t\t\t<\/div>\n\t\t\t\t\t\t\t\t<\/div>\n\t\t\t\t<\/div>\n\t\t\t\t<div class=\"elementor-element elementor-element-e335a59 elementor-widget elementor-widget-image\" data-id=\"e335a59\" data-element_type=\"widget\" data-widget_type=\"image.default\">\n\t\t\t\t<div class=\"elementor-widget-container\">\n\t\t\t\t\t\t\t\t\t\t\t\t\t\t\t<img fetchpriority=\"high\" decoding=\"async\" width=\"1024\" height=\"763\" src=\"https:\/\/compa-rj.com.br\/wp-content\/uploads\/2022\/10\/engenheiro-richard-1024x763.png\" class=\"attachment-large size-large wp-image-33068\" alt=\"\" srcset=\"https:\/\/compa-rj.com.br\/wp-content\/uploads\/2022\/10\/engenheiro-richard-1024x763.png 1024w, https:\/\/compa-rj.com.br\/wp-content\/uploads\/2022\/10\/engenheiro-richard-300x224.png 300w, https:\/\/compa-rj.com.br\/wp-content\/uploads\/2022\/10\/engenheiro-richard-768x572.png 768w, https:\/\/compa-rj.com.br\/wp-content\/uploads\/2022\/10\/engenheiro-richard-1536x1145.png 1536w, https:\/\/compa-rj.com.br\/wp-content\/uploads\/2022\/10\/engenheiro-richard-16x12.png 16w, https:\/\/compa-rj.com.br\/wp-content\/uploads\/2022\/10\/engenheiro-richard-196x146.png 196w, https:\/\/compa-rj.com.br\/wp-content\/uploads\/2022\/10\/engenheiro-richard-50x37.png 50w, https:\/\/compa-rj.com.br\/wp-content\/uploads\/2022\/10\/engenheiro-richard-101x75.png 101w, https:\/\/compa-rj.com.br\/wp-content\/uploads\/2022\/10\/engenheiro-richard.png 1830w\" sizes=\"(max-width:767px) 480px, (max-width:1024px) 100vw, 1024px\" \/>\t\t\t\t\t\t\t\t\t\t\t\t\t\t\t<\/div>\n\t\t\t\t<\/div>\n\t\t\t\t<div class=\"elementor-element elementor-element-9215f6a elementor-widget elementor-widget-spacer\" data-id=\"9215f6a\" data-element_type=\"widget\" data-widget_type=\"spacer.default\">\n\t\t\t\t<div class=\"elementor-widget-container\">\n\t\t\t\t\t\t\t<div class=\"elementor-spacer\">\n\t\t\t<div class=\"elementor-spacer-inner\"><\/div>\n\t\t<\/div>\n\t\t\t\t\t\t<\/div>\n\t\t\t\t<\/div>\n\t\t\t\t\t<\/div>\n\t\t<\/div>\n\t\t\t\t\t<\/div>\n\t\t<\/section>\n\t\t\t\t<section class=\"elementor-section elementor-top-section elementor-element elementor-element-9f927d3 elementor-section-full_width elementor-section-height-default elementor-section-height-default\" data-id=\"9f927d3\" data-element_type=\"section\" data-settings=\"{&quot;background_background&quot;:&quot;gradient&quot;}\">\n\t\t\t\t\t\t<div class=\"elementor-container elementor-column-gap-default\">\n\t\t\t\t\t<div class=\"elementor-column elementor-col-100 elementor-top-column elementor-element elementor-element-663a13b\" data-id=\"663a13b\" data-element_type=\"column\">\n\t\t\t<div class=\"elementor-widget-wrap elementor-element-populated\">\n\t\t\t\t\t\t<section class=\"elementor-section elementor-inner-section elementor-element elementor-element-fc00e40 elementor-section-boxed elementor-section-height-default elementor-section-height-default\" data-id=\"fc00e40\" data-element_type=\"section\">\n\t\t\t\t\t\t<div class=\"elementor-container elementor-column-gap-default\">\n\t\t\t\t\t<div class=\"elementor-column elementor-col-33 elementor-inner-column elementor-element elementor-element-c74fd6b\" data-id=\"c74fd6b\" data-element_type=\"column\">\n\t\t\t<div class=\"elementor-widget-wrap elementor-element-populated\">\n\t\t\t\t\t\t<div class=\"elementor-element elementor-element-0f2d066 elementor-widget elementor-widget-image\" data-id=\"0f2d066\" data-element_type=\"widget\" data-widget_type=\"image.default\">\n\t\t\t\t<div class=\"elementor-widget-container\">\n\t\t\t\t\t\t\t\t\t\t\t\t\t\t\t<img decoding=\"async\" width=\"1024\" height=\"176\" src=\"https:\/\/compa-rj.com.br\/wp-content\/uploads\/2022\/08\/COMPLETO-BRANCO@300x-1024x176.png\" class=\"attachment-large size-large wp-image-32125\" alt=\"\" srcset=\"https:\/\/compa-rj.com.br\/wp-content\/uploads\/2022\/08\/COMPLETO-BRANCO@300x-1024x176.png 1024w, https:\/\/compa-rj.com.br\/wp-content\/uploads\/2022\/08\/COMPLETO-BRANCO@300x-300x52.png 300w, https:\/\/compa-rj.com.br\/wp-content\/uploads\/2022\/08\/COMPLETO-BRANCO@300x-768x132.png 768w, https:\/\/compa-rj.com.br\/wp-content\/uploads\/2022\/08\/COMPLETO-BRANCO@300x-1536x264.png 1536w, https:\/\/compa-rj.com.br\/wp-content\/uploads\/2022\/08\/COMPLETO-BRANCO@300x-18x3.png 18w, https:\/\/compa-rj.com.br\/wp-content\/uploads\/2022\/08\/COMPLETO-BRANCO@300x-260x45.png 260w, https:\/\/compa-rj.com.br\/wp-content\/uploads\/2022\/08\/COMPLETO-BRANCO@300x-50x9.png 50w, https:\/\/compa-rj.com.br\/wp-content\/uploads\/2022\/08\/COMPLETO-BRANCO@300x-150x26.png 150w, https:\/\/compa-rj.com.br\/wp-content\/uploads\/2022\/08\/COMPLETO-BRANCO@300x.png 2010w\" sizes=\"(max-width:767px) 480px, (max-width:1024px) 100vw, 1024px\" \/>\t\t\t\t\t\t\t\t\t\t\t\t\t\t\t<\/div>\n\t\t\t\t<\/div>\n\t\t\t\t\t<\/div>\n\t\t<\/div>\n\t\t\t\t<div class=\"elementor-column elementor-col-33 elementor-inner-column elementor-element elementor-element-7ca9696\" data-id=\"7ca9696\" data-element_type=\"column\">\n\t\t\t<div class=\"elementor-widget-wrap elementor-element-populated\">\n\t\t\t\t\t\t<div class=\"elementor-element elementor-element-6266782 elementor-widget elementor-widget-heading\" data-id=\"6266782\" data-element_type=\"widget\" data-widget_type=\"heading.default\">\n\t\t\t\t<div class=\"elementor-widget-container\">\n\t\t\t\t\t<h6 class=\"elementor-heading-title elementor-size-small\">Av. Eng. Richard, 107. Graja\u00fa. Rio de Janeiro\/RJ<\/h6>\t\t\t\t<\/div>\n\t\t\t\t<\/div>\n\t\t\t\t\t<\/div>\n\t\t<\/div>\n\t\t\t\t<div class=\"elementor-column elementor-col-33 elementor-inner-column elementor-element elementor-element-95a2ef1 elementor-hidden-mobile\" data-id=\"95a2ef1\" data-element_type=\"column\">\n\t\t\t<div class=\"elementor-widget-wrap elementor-element-populated\">\n\t\t\t\t\t\t<div class=\"elementor-element elementor-element-d182524 elementor-widget elementor-widget-image\" data-id=\"d182524\" data-element_type=\"widget\" data-widget_type=\"image.default\">\n\t\t\t\t<div class=\"elementor-widget-container\">\n\t\t\t\t\t\t\t\t\t\t\t\t\t\t\t<img loading=\"lazy\" decoding=\"async\" width=\"1024\" height=\"259\" src=\"https:\/\/compa-rj.com.br\/wp-content\/uploads\/2022\/08\/Ativo-6@300x-1024x259.png\" class=\"attachment-large size-large wp-image-32124\" alt=\"\" srcset=\"https:\/\/compa-rj.com.br\/wp-content\/uploads\/2022\/08\/Ativo-6@300x-1024x259.png 1024w, https:\/\/compa-rj.com.br\/wp-content\/uploads\/2022\/08\/Ativo-6@300x-300x76.png 300w, https:\/\/compa-rj.com.br\/wp-content\/uploads\/2022\/08\/Ativo-6@300x-768x194.png 768w, https:\/\/compa-rj.com.br\/wp-content\/uploads\/2022\/08\/Ativo-6@300x-1536x389.png 1536w, https:\/\/compa-rj.com.br\/wp-content\/uploads\/2022\/08\/Ativo-6@300x-18x5.png 18w, https:\/\/compa-rj.com.br\/wp-content\/uploads\/2022\/08\/Ativo-6@300x-260x66.png 260w, https:\/\/compa-rj.com.br\/wp-content\/uploads\/2022\/08\/Ativo-6@300x-50x13.png 50w, https:\/\/compa-rj.com.br\/wp-content\/uploads\/2022\/08\/Ativo-6@300x-150x38.png 150w, https:\/\/compa-rj.com.br\/wp-content\/uploads\/2022\/08\/Ativo-6@300x.png 1722w\" sizes=\"(max-width:767px) 480px, (max-width:1024px) 100vw, 1024px\" \/>\t\t\t\t\t\t\t\t\t\t\t\t\t\t\t<\/div>\n\t\t\t\t<\/div>\n\t\t\t\t\t<\/div>\n\t\t<\/div>\n\t\t\t\t\t<\/div>\n\t\t<\/section>\n\t\t\t\t\t<\/div>\n\t\t<\/div>\n\t\t\t\t\t<\/div>\n\t\t<\/section>\n\t\t\t\t<\/div>\n\t\t","protected":false},"excerpt":{"rendered":"<p>COMPA RIO: Do Mini Maternal ao Ensino M\u00e9dio! Saiba mais! P\u00e1tio Engenheiro Richard Voltar Av. Eng. Richard, 107. Graja\u00fa. Rio de Janeiro\/RJ<\/p>","protected":false},"author":3,"featured_media":0,"parent":33045,"menu_order":0,"comment_status":"closed","ping_status":"closed","template":"elementor_canvas","meta":{"footnotes":""},"class_list":["post-33057","page","type-page","status-publish","hentry"],"yoast_head":"<!-- This site is optimized with the Yoast SEO Premium plugin v25.7.1 (Yoast SEO v27.3) - https:\/\/yoast.com\/product\/yoast-seo-premium-wordpress\/ -->\n<title>P\u00e1tio Engenheiro Richard &#187; Compa RJ \u00bb Col\u00e9gio da Companhia de Maria<\/title>\n<meta name=\"description\" content=\"Nosso olhar aponta para o novo, sem desconsiderar a seguran\u00e7a da tradi\u00e7\u00e3o de quem educa h\u00e1 mais de 400 anos em v\u00e1rias partes do mundo.\" \/>\n<meta name=\"robots\" content=\"index, follow, max-snippet:-1, max-image-preview:large, max-video-preview:-1\" \/>\n<link rel=\"canonical\" href=\"https:\/\/compa-rj.com.br\/es\/mapa\/patio-engenheiro-richard\/\" \/>\n<meta property=\"og:locale\" content=\"es_ES\" \/>\n<meta property=\"og:type\" content=\"article\" \/>\n<meta property=\"og:title\" content=\"P\u00e1tio Engenheiro Richard &#187; Compa RJ \u00bb Col\u00e9gio da Companhia de Maria\" \/>\n<meta property=\"og:description\" content=\"Nosso olhar aponta para o novo, sem desconsiderar a seguran\u00e7a da tradi\u00e7\u00e3o de quem educa h\u00e1 mais de 400 anos em v\u00e1rias partes do mundo.\" \/>\n<meta property=\"og:url\" content=\"https:\/\/compa-rj.com.br\/es\/mapa\/patio-engenheiro-richard\/\" \/>\n<meta property=\"og:site_name\" content=\"Compa RJ \u00bb Col\u00e9gio da Companhia de Maria\" \/>\n<meta property=\"article:publisher\" content=\"https:\/\/www.facebook.com\/ciademaria\/\" \/>\n<meta property=\"article:modified_time\" content=\"2022-10-22T02:21:46+00:00\" \/>\n<meta property=\"og:image\" content=\"https:\/\/compa-rj.com.br\/wp-content\/uploads\/2022\/08\/Logo-85-Horizontal_1.png\" \/>\n<meta name=\"twitter:card\" content=\"summary_large_image\" \/>\n<meta name=\"twitter:label1\" content=\"Tiempo de lectura\" \/>\n\t<meta name=\"twitter:data1\" content=\"2 minutos\" \/>\n<script type=\"application\/ld+json\" class=\"yoast-schema-graph\">{\"@context\":\"https:\\\/\\\/schema.org\",\"@graph\":[{\"@type\":\"WebPage\",\"@id\":\"https:\\\/\\\/compa-rj.com.br\\\/mapa\\\/patio-engenheiro-richard\\\/\",\"url\":\"https:\\\/\\\/compa-rj.com.br\\\/mapa\\\/patio-engenheiro-richard\\\/\",\"name\":\"P\u00e1tio Engenheiro Richard &#187; Compa RJ \u00bb Col\u00e9gio da Companhia de Maria\",\"isPartOf\":{\"@id\":\"https:\\\/\\\/compa-rj.com.br\\\/#website\"},\"primaryImageOfPage\":{\"@id\":\"https:\\\/\\\/compa-rj.com.br\\\/mapa\\\/patio-engenheiro-richard\\\/#primaryimage\"},\"image\":{\"@id\":\"https:\\\/\\\/compa-rj.com.br\\\/mapa\\\/patio-engenheiro-richard\\\/#primaryimage\"},\"thumbnailUrl\":\"https:\\\/\\\/compa-rj.com.br\\\/wp-content\\\/uploads\\\/2022\\\/08\\\/Logo-85-Horizontal_1.png\",\"datePublished\":\"2022-10-22T02:16:56+00:00\",\"dateModified\":\"2022-10-22T02:21:46+00:00\",\"description\":\"Nosso olhar aponta para o novo, sem desconsiderar a seguran\u00e7a da tradi\u00e7\u00e3o de quem educa h\u00e1 mais de 400 anos em v\u00e1rias partes do mundo.\",\"breadcrumb\":{\"@id\":\"https:\\\/\\\/compa-rj.com.br\\\/mapa\\\/patio-engenheiro-richard\\\/#breadcrumb\"},\"inLanguage\":\"es\",\"potentialAction\":[{\"@type\":\"ReadAction\",\"target\":[\"https:\\\/\\\/compa-rj.com.br\\\/mapa\\\/patio-engenheiro-richard\\\/\"]}]},{\"@type\":\"ImageObject\",\"inLanguage\":\"es\",\"@id\":\"https:\\\/\\\/compa-rj.com.br\\\/mapa\\\/patio-engenheiro-richard\\\/#primaryimage\",\"url\":\"https:\\\/\\\/compa-rj.com.br\\\/wp-content\\\/uploads\\\/2022\\\/08\\\/Logo-85-Horizontal_1.png\",\"contentUrl\":\"https:\\\/\\\/compa-rj.com.br\\\/wp-content\\\/uploads\\\/2022\\\/08\\\/Logo-85-Horizontal_1.png\"},{\"@type\":\"BreadcrumbList\",\"@id\":\"https:\\\/\\\/compa-rj.com.br\\\/mapa\\\/patio-engenheiro-richard\\\/#breadcrumb\",\"itemListElement\":[{\"@type\":\"ListItem\",\"position\":1,\"name\":\"In\u00edcio\",\"item\":\"https:\\\/\\\/compa-rj.com.br\\\/\"},{\"@type\":\"ListItem\",\"position\":2,\"name\":\"mapa\",\"item\":\"https:\\\/\\\/compa-rj.com.br\\\/mapa\\\/\"},{\"@type\":\"ListItem\",\"position\":3,\"name\":\"P\u00e1tio Engenheiro Richard\"}]},{\"@type\":\"WebSite\",\"@id\":\"https:\\\/\\\/compa-rj.com.br\\\/#website\",\"url\":\"https:\\\/\\\/compa-rj.com.br\\\/\",\"name\":\"Compa RJ \u00bb Col\u00e9gio da Companhia de Maria\",\"description\":\"Rede Internacional de Ensino\",\"publisher\":{\"@id\":\"https:\\\/\\\/compa-rj.com.br\\\/#organization\"},\"potentialAction\":[{\"@type\":\"SearchAction\",\"target\":{\"@type\":\"EntryPoint\",\"urlTemplate\":\"https:\\\/\\\/compa-rj.com.br\\\/?s={search_term_string}\"},\"query-input\":{\"@type\":\"PropertyValueSpecification\",\"valueRequired\":true,\"valueName\":\"search_term_string\"}}],\"inLanguage\":\"es\"},{\"@type\":\"Organization\",\"@id\":\"https:\\\/\\\/compa-rj.com.br\\\/#organization\",\"name\":\"Compa RJ \u2022 Col\u00e9gio da Companhia de Maria\",\"url\":\"https:\\\/\\\/compa-rj.com.br\\\/\",\"logo\":{\"@type\":\"ImageObject\",\"inLanguage\":\"es\",\"@id\":\"https:\\\/\\\/compa-rj.com.br\\\/#\\\/schema\\\/logo\\\/image\\\/\",\"url\":\"https:\\\/\\\/compa-rj.com.br\\\/wp-content\\\/uploads\\\/2022\\\/07\\\/LOGO_AZUL_COMPARJ.png\",\"contentUrl\":\"https:\\\/\\\/compa-rj.com.br\\\/wp-content\\\/uploads\\\/2022\\\/07\\\/LOGO_AZUL_COMPARJ.png\",\"width\":221,\"height\":76,\"caption\":\"Compa RJ \u2022 Col\u00e9gio da Companhia de Maria\"},\"image\":{\"@id\":\"https:\\\/\\\/compa-rj.com.br\\\/#\\\/schema\\\/logo\\\/image\\\/\"},\"sameAs\":[\"https:\\\/\\\/www.facebook.com\\\/ciademaria\\\/\",\"https:\\\/\\\/www.instagram.com\\\/compa.rj\\\/\",\"https:\\\/\\\/www.youtube.com\\\/channel\\\/UCY1iG0m9EWwOa1S6P1UQl4w\"]}]}<\/script>\n<!-- \/ Yoast SEO Premium plugin. -->","yoast_head_json":{"title":"P\u00e1tio Engenheiro Richard &#187; Compa RJ \u00bb Col\u00e9gio da Companhia de Maria","description":"Nosso olhar aponta para o novo, sem desconsiderar a seguran\u00e7a da tradi\u00e7\u00e3o de quem educa h\u00e1 mais de 400 anos em v\u00e1rias partes do mundo.","robots":{"index":"index","follow":"follow","max-snippet":"max-snippet:-1","max-image-preview":"max-image-preview:large","max-video-preview":"max-video-preview:-1"},"canonical":"https:\/\/compa-rj.com.br\/es\/mapa\/patio-engenheiro-richard\/","og_locale":"es_ES","og_type":"article","og_title":"P\u00e1tio Engenheiro Richard &#187; Compa RJ \u00bb Col\u00e9gio da Companhia de Maria","og_description":"Nosso olhar aponta para o novo, sem desconsiderar a seguran\u00e7a da tradi\u00e7\u00e3o de quem educa h\u00e1 mais de 400 anos em v\u00e1rias partes do mundo.","og_url":"https:\/\/compa-rj.com.br\/es\/mapa\/patio-engenheiro-richard\/","og_site_name":"Compa RJ \u00bb Col\u00e9gio da Companhia de Maria","article_publisher":"https:\/\/www.facebook.com\/ciademaria\/","article_modified_time":"2022-10-22T02:21:46+00:00","og_image":[{"url":"https:\/\/compa-rj.com.br\/wp-content\/uploads\/2022\/08\/Logo-85-Horizontal_1.png","type":"","width":"","height":""}],"twitter_card":"summary_large_image","twitter_misc":{"Tiempo de lectura":"2 minutos"},"schema":{"@context":"https:\/\/schema.org","@graph":[{"@type":"WebPage","@id":"https:\/\/compa-rj.com.br\/mapa\/patio-engenheiro-richard\/","url":"https:\/\/compa-rj.com.br\/mapa\/patio-engenheiro-richard\/","name":"P\u00e1tio Engenheiro Richard &#187; Compa RJ \u00bb Col\u00e9gio da Companhia de Maria","isPartOf":{"@id":"https:\/\/compa-rj.com.br\/#website"},"primaryImageOfPage":{"@id":"https:\/\/compa-rj.com.br\/mapa\/patio-engenheiro-richard\/#primaryimage"},"image":{"@id":"https:\/\/compa-rj.com.br\/mapa\/patio-engenheiro-richard\/#primaryimage"},"thumbnailUrl":"https:\/\/compa-rj.com.br\/wp-content\/uploads\/2022\/08\/Logo-85-Horizontal_1.png","datePublished":"2022-10-22T02:16:56+00:00","dateModified":"2022-10-22T02:21:46+00:00","description":"Nosso olhar aponta para o novo, sem desconsiderar a seguran\u00e7a da tradi\u00e7\u00e3o de quem educa h\u00e1 mais de 400 anos em v\u00e1rias partes do mundo.","breadcrumb":{"@id":"https:\/\/compa-rj.com.br\/mapa\/patio-engenheiro-richard\/#breadcrumb"},"inLanguage":"es","potentialAction":[{"@type":"ReadAction","target":["https:\/\/compa-rj.com.br\/mapa\/patio-engenheiro-richard\/"]}]},{"@type":"ImageObject","inLanguage":"es","@id":"https:\/\/compa-rj.com.br\/mapa\/patio-engenheiro-richard\/#primaryimage","url":"https:\/\/compa-rj.com.br\/wp-content\/uploads\/2022\/08\/Logo-85-Horizontal_1.png","contentUrl":"https:\/\/compa-rj.com.br\/wp-content\/uploads\/2022\/08\/Logo-85-Horizontal_1.png"},{"@type":"BreadcrumbList","@id":"https:\/\/compa-rj.com.br\/mapa\/patio-engenheiro-richard\/#breadcrumb","itemListElement":[{"@type":"ListItem","position":1,"name":"In\u00edcio","item":"https:\/\/compa-rj.com.br\/"},{"@type":"ListItem","position":2,"name":"mapa","item":"https:\/\/compa-rj.com.br\/mapa\/"},{"@type":"ListItem","position":3,"name":"P\u00e1tio Engenheiro Richard"}]},{"@type":"WebSite","@id":"https:\/\/compa-rj.com.br\/#website","url":"https:\/\/compa-rj.com.br\/","name":"Compa RJ \u00bb Col\u00e9gio da Companhia de Maria","description":"Red Internacional de Educaci\u00f3n","publisher":{"@id":"https:\/\/compa-rj.com.br\/#organization"},"potentialAction":[{"@type":"SearchAction","target":{"@type":"EntryPoint","urlTemplate":"https:\/\/compa-rj.com.br\/?s={search_term_string}"},"query-input":{"@type":"PropertyValueSpecification","valueRequired":true,"valueName":"search_term_string"}}],"inLanguage":"es"},{"@type":"Organization","@id":"https:\/\/compa-rj.com.br\/#organization","name":"Compa RJ \u2022 Col\u00e9gio da Companhia de Maria","url":"https:\/\/compa-rj.com.br\/","logo":{"@type":"ImageObject","inLanguage":"es","@id":"https:\/\/compa-rj.com.br\/#\/schema\/logo\/image\/","url":"https:\/\/compa-rj.com.br\/wp-content\/uploads\/2022\/07\/LOGO_AZUL_COMPARJ.png","contentUrl":"https:\/\/compa-rj.com.br\/wp-content\/uploads\/2022\/07\/LOGO_AZUL_COMPARJ.png","width":221,"height":76,"caption":"Compa RJ \u2022 Col\u00e9gio da Companhia de Maria"},"image":{"@id":"https:\/\/compa-rj.com.br\/#\/schema\/logo\/image\/"},"sameAs":["https:\/\/www.facebook.com\/ciademaria\/","https:\/\/www.instagram.com\/compa.rj\/","https:\/\/www.youtube.com\/channel\/UCY1iG0m9EWwOa1S6P1UQl4w"]}]}},"_links":{"self":[{"href":"https:\/\/compa-rj.com.br\/es\/wp-json\/wp\/v2\/pages\/33057","targetHints":{"allow":["GET"]}}],"collection":[{"href":"https:\/\/compa-rj.com.br\/es\/wp-json\/wp\/v2\/pages"}],"about":[{"href":"https:\/\/compa-rj.com.br\/es\/wp-json\/wp\/v2\/types\/page"}],"author":[{"embeddable":true,"href":"https:\/\/compa-rj.com.br\/es\/wp-json\/wp\/v2\/users\/3"}],"replies":[{"embeddable":true,"href":"https:\/\/compa-rj.com.br\/es\/wp-json\/wp\/v2\/comments?post=33057"}],"version-history":[{"count":10,"href":"https:\/\/compa-rj.com.br\/es\/wp-json\/wp\/v2\/pages\/33057\/revisions"}],"predecessor-version":[{"id":33072,"href":"https:\/\/compa-rj.com.br\/es\/wp-json\/wp\/v2\/pages\/33057\/revisions\/33072"}],"up":[{"embeddable":true,"href":"https:\/\/compa-rj.com.br\/es\/wp-json\/wp\/v2\/pages\/33045"}],"wp:attachment":[{"href":"https:\/\/compa-rj.com.br\/es\/wp-json\/wp\/v2\/media?parent=33057"}],"curies":[{"name":"wp","href":"https:\/\/api.w.org\/{rel}","templated":true}]}}