{"id":3146,"date":"2021-08-19T12:26:45","date_gmt":"2021-08-19T15:26:45","guid":{"rendered":"https:\/\/compa-rj.com.br\/?page_id=3146"},"modified":"2025-12-11T15:49:52","modified_gmt":"2025-12-11T18:49:52","slug":"uniforme","status":"publish","type":"page","link":"https:\/\/compa-rj.com.br\/es\/uniforme\/","title":{"rendered":"Uniforme"},"content":{"rendered":"\t\t<div data-elementor-type=\"wp-page\" data-elementor-id=\"3146\" class=\"elementor elementor-3146\" data-elementor-post-type=\"page\">\n\t\t\t\t\t\t<section class=\"elementor-section elementor-top-section elementor-element elementor-element-7c7fa43b elementor-section-full_width elementor-section-height-default elementor-section-height-default\" data-id=\"7c7fa43b\" data-element_type=\"section\">\n\t\t\t\t\t\t<div class=\"elementor-container elementor-column-gap-default\">\n\t\t\t\t\t<div class=\"elementor-column elementor-col-100 elementor-top-column elementor-element elementor-element-ef953b5\" data-id=\"ef953b5\" data-element_type=\"column\">\n\t\t\t<div class=\"elementor-widget-wrap elementor-element-populated\">\n\t\t\t\t\t\t<div class=\"elementor-element elementor-element-e3083f3 elementor-widget elementor-widget-heading\" data-id=\"e3083f3\" data-element_type=\"widget\" data-widget_type=\"heading.default\">\n\t\t\t\t<div class=\"elementor-widget-container\">\n\t\t\t\t\t<h3 class=\"elementor-heading-title elementor-size-default\">Uniforme<\/h3>\t\t\t\t<\/div>\n\t\t\t\t<\/div>\n\t\t\t\t<div class=\"elementor-element elementor-element-5fde20e elementor-alert-info elementor-widget elementor-widget-alert\" data-id=\"5fde20e\" data-element_type=\"widget\" data-widget_type=\"alert.default\">\n\t\t\t\t<div class=\"elementor-widget-container\">\n\t\t\t\t\t\t\t<div class=\"elementor-alert\" role=\"alert\">\n\n\t\t\t\t\t\t<span class=\"elementor-alert-title\">Rio de Janeiro, 11 de dezembro 2025.<\/span>\n\t\t\t\n\t\t\t\n\t\t\t\t\t\t<button type=\"button\" class=\"elementor-alert-dismiss\" aria-label=\"Descartar esta alerta.\">\n\t\t\t\t\t\t\t\t\t<span aria-hidden=\"true\">&times;<\/span>\n\t\t\t\t\t\t\t<\/button>\n\t\t\t\n\t\t<\/div>\n\t\t\t\t\t\t<\/div>\n\t\t\t\t<\/div>\n\t\t\t\t<div class=\"elementor-element elementor-element-afcd793 elementor-widget__width-initial elementor-widget elementor-widget-text-editor\" data-id=\"afcd793\" data-element_type=\"widget\" data-widget_type=\"text-editor.default\">\n\t\t\t\t<div class=\"elementor-widget-container\">\n\t\t\t\t\t\t\t\t\t<p>O uniforme \u00e9 parte essencial da identidade da escola e contribui para a organiza\u00e7\u00e3o, seguran\u00e7a e disciplina.<\/p><p>O uso do uniforme escolar completo \u00e9\u00a0obrigat\u00f3rio\u00a0nas atividades internas e externas do Col\u00e9gio. Os alunos devem ser orientados a comparecerem \u00e0s aulas, devidamente, uniformizados conforme as normas da institui\u00e7\u00e3o.<\/p><p>Fornecedoras:<\/p><p><strong>Castelinho Uniformes<br \/><\/strong>Telefone (21) 2234-3145\u00a0 | WhatsApp (21) 99362- 5442<br \/>Rua Conde de Bonfim, 44 \u2013 loja 108 &#8211; Tijuca.<br \/>Acesse o site para realizar a compra\u00a0 \u2013 <strong><a href=\"https:\/\/www.castelinho-uniformes.com.br\/compa\" target=\"_blank\" rel=\"noopener\">castelinho-uniformes.com.br\/compa<\/a><\/strong><\/p><p><strong>Kardan Confec\u00e7\u00f5es<br \/><\/strong>WhatsApp (21) 97020-0492<br \/>Rua Bar\u00e3o de Mesquita, 950 \u2013 Graja\u00fa.<\/p>\t\t\t\t\t\t\t\t<\/div>\n\t\t\t\t<\/div>\n\t\t\t\t\t<\/div>\n\t\t<\/div>\n\t\t\t\t\t<\/div>\n\t\t<\/section>\n\t\t\t\t<section class=\"elementor-section elementor-top-section elementor-element elementor-element-84e3676 elementor-section-boxed elementor-section-height-default elementor-section-height-default\" data-id=\"84e3676\" data-element_type=\"section\">\n\t\t\t\t\t\t<div class=\"elementor-container elementor-column-gap-default\">\n\t\t\t\t\t<div class=\"elementor-column elementor-col-100 elementor-top-column elementor-element elementor-element-93f54d2\" data-id=\"93f54d2\" data-element_type=\"column\">\n\t\t\t<div class=\"elementor-widget-wrap elementor-element-populated\">\n\t\t\t\t\t\t<div class=\"elementor-element elementor-element-263e590 elementor-view-stacked elementor-shape-circle elementor-position-top elementor-mobile-position-top elementor-widget elementor-widget-icon-box\" data-id=\"263e590\" data-element_type=\"widget\" data-widget_type=\"icon-box.default\">\n\t\t\t\t<div class=\"elementor-widget-container\">\n\t\t\t\t\t\t\t<div class=\"elementor-icon-box-wrapper\">\n\n\t\t\t\t\t\t<div class=\"elementor-icon-box-icon\">\n\t\t\t\t<a href=\"https:\/\/compa-rj.com.br\/wp-content\/uploads\/2025\/12\/Uniforme-Compa-Rio.pdf\" target=\"_blank\" class=\"elementor-icon elementor-animation-grow\" tabindex=\"-1\" aria-label=\"#UniformeCOMPA\">\n\t\t\t\t<i aria-hidden=\"true\" class=\"far fa-file-alt\"><\/i>\t\t\t\t<\/a>\n\t\t\t<\/div>\n\t\t\t\n\t\t\t\t\t\t<div class=\"elementor-icon-box-content\">\n\n\t\t\t\t\t\t\t\t\t<h3 class=\"elementor-icon-box-title\">\n\t\t\t\t\t\t<a href=\"https:\/\/compa-rj.com.br\/wp-content\/uploads\/2025\/12\/Uniforme-Compa-Rio.pdf\" target=\"_blank\" >\n\t\t\t\t\t\t\t#UniformeCOMPA\t\t\t\t\t\t<\/a>\n\t\t\t\t\t<\/h3>\n\t\t\t\t\n\t\t\t\t\n\t\t\t<\/div>\n\t\t\t\n\t\t<\/div>\n\t\t\t\t\t\t<\/div>\n\t\t\t\t<\/div>\n\t\t\t\t\t<\/div>\n\t\t<\/div>\n\t\t\t\t\t<\/div>\n\t\t<\/section>\n\t\t\t\t<section class=\"elementor-section elementor-top-section elementor-element elementor-element-f9e1c8f elementor-section-boxed elementor-section-height-default elementor-section-height-default\" data-id=\"f9e1c8f\" data-element_type=\"section\">\n\t\t\t\t\t\t<div class=\"elementor-container elementor-column-gap-default\">\n\t\t\t\t\t<div class=\"elementor-column elementor-col-25 elementor-top-column elementor-element elementor-element-f714ae3\" data-id=\"f714ae3\" data-element_type=\"column\">\n\t\t\t<div class=\"elementor-widget-wrap elementor-element-populated\">\n\t\t\t\t\t\t<div class=\"elementor-element elementor-element-3910546 elementor-absolute elementor-widget elementor-widget-heading\" data-id=\"3910546\" data-element_type=\"widget\" data-settings=\"{&quot;_position&quot;:&quot;absolute&quot;}\" data-widget_type=\"heading.default\">\n\t\t\t\t<div class=\"elementor-widget-container\">\n\t\t\t\t\t<h4 class=\"elementor-heading-title elementor-size-default\">Receba nossa Newsletter\n<\/h4>\t\t\t\t<\/div>\n\t\t\t\t<\/div>\n\t\t\t\t\t<\/div>\n\t\t<\/div>\n\t\t\t\t<div class=\"elementor-column elementor-col-25 elementor-top-column elementor-element elementor-element-c680621\" data-id=\"c680621\" data-element_type=\"column\">\n\t\t\t<div class=\"elementor-widget-wrap elementor-element-populated\">\n\t\t\t\t\t\t<div class=\"elementor-element elementor-element-3cee4fe elementor-widget elementor-widget-shortcode\" data-id=\"3cee4fe\" data-element_type=\"widget\" data-widget_type=\"shortcode.default\">\n\t\t\t\t<div class=\"elementor-widget-container\">\n\t\t\t\t\t\t\t<div class=\"elementor-shortcode\"><br>\n<div class='fluentform ff-default fluentform_wrapper_11 ffs_default_wrap'><form data-form_id=\"11\" id=\"fluentform_11\" class=\"frm-fluent-form fluent_form_11 ff-el-form-top ff_form_instance_11_1 ff-form-loading ffs_default\" data-form_instance=\"ff_form_instance_11_1\" method=\"POST\" ><fieldset  style=\"border: none!important;margin: 0!important;padding: 0!important;background-color: transparent!important;box-shadow: none!important;outline: none!important; min-inline-size: 100%;\">\n                    <legend class=\"ff_screen_reader_title\" style=\"display: block; margin: 0!important;padding: 0!important;height: 0!important;text-indent: -999999px;width: 0!important;overflow:hidden;\">Newsletter<\/legend><input type='hidden' name='__fluent_form_embded_post_id' value='3146' \/><input type=\"hidden\" id=\"_fluentform_11_fluentformnonce\" name=\"_fluentform_11_fluentformnonce\" value=\"54ae4be912\" \/><input type=\"hidden\" name=\"_wp_http_referer\" value=\"\/es\/wp-json\/wp\/v2\/pages\/3146\" \/><div data-name=\"ff_cn_id_1\"  class='ff-t-container ff-column-container ff_columns_total_2 '><div class='ff-t-cell ff-t-column-1' style='flex-basis: 50%;'><div class='ff-el-group ff-el-form-hide_label has-conditions'><div class=\"ff-el-input--label ff-el-is-required asterisk-right\"><label for='ff_11_email_1' id='label_ff_11_email_1' aria-label=\"Newsletter\">Newsletter<\/label><\/div><div class='ff-el-input--content'><input type=\"email\" name=\"email_1\" id=\"ff_11_email_1\" class=\"ff-el-form-control\" placeholder=\"E-mail\" data-name=\"email_1\"  aria-invalid=\"false\" aria-required=true><\/div><\/div><div class='ff-el-group'><div class=\"ff-el-input--label ff-el-is-required asterisk-right\"><label for='ff_11_dropdown' id='label_ff_11_dropdown' aria-label=\"J\u00e1 tem estudante no Compa?\">J\u00e1 tem estudante no Compa?<\/label><\/div><div class='ff-el-input--content'><select name=\"dropdown\" id=\"ff_11_dropdown\" class=\"ff-el-form-control\" data-name=\"dropdown\" data-calc_value=\"0\"  aria-invalid=\"false\" aria-required=\"true\" aria-labelledby=\"label_ff_11_dropdown\"><option value=\"\">- Selecione -<\/option><option value=\"Sim\"  >Sim<\/option><option value=\"N\u00e3o\"  >N\u00e3o<\/option><\/select><\/div><\/div><\/div><div class='ff-t-cell ff-t-column-2' style='flex-basis: 50%;'><div class='ff-el-group ff-text-left  has-conditions ff_submit_btn_wrapper ff_submit_btn_wrapper_custom'><button class=\"ff-btn ff-btn-submit ff-btn-md ff_btn_style wpf_has_custom_css\" type=\"submit\" name=\"custom_submit_button-11_1\" data-name=\"custom_submit_button-11_1\"  aria-label=\"INSCREVER\">INSCREVER<\/button><style>form.fluent_form_11 .wpf_has_custom_css.ff-btn-submit { background-color:#409EFF;border-color:#409EFF;color:#ffffff;border-radius:-106px;min-width:40; }form.fluent_form_11 .wpf_has_custom_css.ff-btn-submit:hover { background-color:#ffffff;border-color:#409EFF;color:#409EFF;min-width:40%; } <\/style><\/div><\/div><\/div><\/fieldset><\/form><div id='fluentform_11_errors' class='ff-errors-in-stack ff_form_instance_11_1 ff-form-loading_errors ff_form_instance_11_1_errors'><\/div><\/div>            <script type=\"text\/javascript\">\n                window.fluent_form_ff_form_instance_11_1 = {\"id\":\"11\",\"settings\":{\"layout\":{\"labelPlacement\":\"top\",\"helpMessagePlacement\":\"with_label\",\"errorMessagePlacement\":\"inline\",\"cssClassName\":\"\",\"asteriskPlacement\":\"asterisk-right\"},\"restrictions\":{\"denyEmptySubmission\":{\"enabled\":false}}},\"form_instance\":\"ff_form_instance_11_1\",\"form_id_selector\":\"fluentform_11\",\"rules\":{\"email_1\":{\"required\":{\"value\":true,\"message\":\"Este campo \\u00e9 obrigat\\u00f3rio\"},\"email\":{\"value\":true,\"message\":\"This field must contain a valid email\"}},\"dropdown\":{\"required\":{\"value\":true,\"message\":\"Este campo \\u00e9 obrigat\\u00f3rio\"}}},\"debounce_time\":300,\"conditionals\":{\"email_1\":{\"type\":\"any\",\"status\":true,\"conditions\":[{\"field\":\"dropdown\",\"value\":\"Sim\",\"operator\":\"=\"},{\"field\":\"dropdown\",\"value\":\"N\\u00e3o\",\"operator\":\"=\"}]},\"custom_submit_button-11_1\":{\"type\":\"any\",\"status\":true,\"conditions\":[{\"field\":\"dropdown\",\"value\":\"Sim\",\"operator\":\"=\"},{\"field\":\"dropdown\",\"value\":\"N\\u00e3o\",\"operator\":\"=\"}]}}};\n                            <\/script>\n            <\/div>\n\t\t\t\t\t\t<\/div>\n\t\t\t\t<\/div>\n\t\t\t\t\t<\/div>\n\t\t<\/div>\n\t\t\t\t<div class=\"elementor-column elementor-col-25 elementor-top-column elementor-element elementor-element-1c8e82e\" data-id=\"1c8e82e\" data-element_type=\"column\">\n\t\t\t<div class=\"elementor-widget-wrap\">\n\t\t\t\t\t\t\t<\/div>\n\t\t<\/div>\n\t\t\t\t<div class=\"elementor-column elementor-col-25 elementor-top-column elementor-element elementor-element-423582c\" data-id=\"423582c\" data-element_type=\"column\">\n\t\t\t<div class=\"elementor-widget-wrap\">\n\t\t\t\t\t\t\t<\/div>\n\t\t<\/div>\n\t\t\t\t\t<\/div>\n\t\t<\/section>\n\t\t\t\t<\/div>\n\t\t","protected":false},"excerpt":{"rendered":"<p>Uniforme Rio de Janeiro, 11 de dezembro 2025. &times; Dispensar este alerta. O uniforme \u00e9 parte essencial da identidade da escola e contribui para a organiza\u00e7\u00e3o,<span class=\"excerpt-hellip\"> [\u2026]<\/span><\/p>\n","protected":false},"author":1,"featured_media":0,"parent":0,"menu_order":0,"comment_status":"closed","ping_status":"closed","template":"","meta":{"footnotes":""},"class_list":["post-3146","page","type-page","status-publish","hentry"],"yoast_head":"<!-- This site is optimized with the Yoast SEO Premium plugin v25.7.1 (Yoast SEO v27.3) - https:\/\/yoast.com\/product\/yoast-seo-premium-wordpress\/ -->\n<title>Uniforme &#187; Compa RJ \u00bb Col\u00e9gio da Companhia de Maria<\/title>\n<meta name=\"description\" content=\"Nosso olhar aponta para o novo, sem desconsiderar a seguran\u00e7a da tradi\u00e7\u00e3o de quem educa h\u00e1 mais de 400 anos em v\u00e1rias partes do mundo.\" \/>\n<meta name=\"robots\" content=\"index, follow, max-snippet:-1, max-image-preview:large, max-video-preview:-1\" \/>\n<link rel=\"canonical\" href=\"https:\/\/compa-rj.com.br\/es\/uniforme\/\" \/>\n<meta property=\"og:locale\" content=\"es_ES\" \/>\n<meta property=\"og:type\" content=\"article\" \/>\n<meta property=\"og:title\" content=\"Uniforme &#187; Compa RJ \u00bb Col\u00e9gio da Companhia de Maria\" \/>\n<meta property=\"og:description\" content=\"Nosso olhar aponta para o novo, sem desconsiderar a seguran\u00e7a da tradi\u00e7\u00e3o de quem educa h\u00e1 mais de 400 anos em v\u00e1rias partes do mundo.\" \/>\n<meta property=\"og:url\" content=\"https:\/\/compa-rj.com.br\/es\/uniforme\/\" \/>\n<meta property=\"og:site_name\" content=\"Compa RJ \u00bb Col\u00e9gio da Companhia de Maria\" \/>\n<meta property=\"article:publisher\" content=\"https:\/\/www.facebook.com\/ciademaria\/\" \/>\n<meta property=\"article:modified_time\" content=\"2025-12-11T18:49:52+00:00\" \/>\n<meta property=\"og:image\" content=\"https:\/\/compa-rj.com.br\/wp-content\/uploads\/2022\/09\/Compa-RJ_fachada.jpg\" \/>\n\t<meta property=\"og:image:width\" content=\"1270\" \/>\n\t<meta property=\"og:image:height\" content=\"768\" \/>\n\t<meta property=\"og:image:type\" content=\"image\/jpeg\" \/>\n<meta name=\"twitter:card\" content=\"summary_large_image\" \/>\n<meta name=\"twitter:label1\" content=\"Tiempo de lectura\" \/>\n\t<meta name=\"twitter:data1\" content=\"1 minuto\" \/>\n<script type=\"application\/ld+json\" class=\"yoast-schema-graph\">{\"@context\":\"https:\\\/\\\/schema.org\",\"@graph\":[{\"@type\":\"WebPage\",\"@id\":\"https:\\\/\\\/compa-rj.com.br\\\/uniforme\\\/\",\"url\":\"https:\\\/\\\/compa-rj.com.br\\\/uniforme\\\/\",\"name\":\"Uniforme &#187; Compa RJ \u00bb Col\u00e9gio da Companhia de Maria\",\"isPartOf\":{\"@id\":\"https:\\\/\\\/compa-rj.com.br\\\/#website\"},\"datePublished\":\"2021-08-19T15:26:45+00:00\",\"dateModified\":\"2025-12-11T18:49:52+00:00\",\"description\":\"Nosso olhar aponta para o novo, sem desconsiderar a seguran\u00e7a da tradi\u00e7\u00e3o de quem educa h\u00e1 mais de 400 anos em v\u00e1rias partes do mundo.\",\"breadcrumb\":{\"@id\":\"https:\\\/\\\/compa-rj.com.br\\\/uniforme\\\/#breadcrumb\"},\"inLanguage\":\"es\",\"potentialAction\":[{\"@type\":\"ReadAction\",\"target\":[\"https:\\\/\\\/compa-rj.com.br\\\/uniforme\\\/\"]}]},{\"@type\":\"BreadcrumbList\",\"@id\":\"https:\\\/\\\/compa-rj.com.br\\\/uniforme\\\/#breadcrumb\",\"itemListElement\":[{\"@type\":\"ListItem\",\"position\":1,\"name\":\"In\u00edcio\",\"item\":\"https:\\\/\\\/compa-rj.com.br\\\/\"},{\"@type\":\"ListItem\",\"position\":2,\"name\":\"Uniforme\"}]},{\"@type\":\"WebSite\",\"@id\":\"https:\\\/\\\/compa-rj.com.br\\\/#website\",\"url\":\"https:\\\/\\\/compa-rj.com.br\\\/\",\"name\":\"Compa RJ \u00bb Col\u00e9gio da Companhia de Maria\",\"description\":\"Rede Internacional de Ensino\",\"publisher\":{\"@id\":\"https:\\\/\\\/compa-rj.com.br\\\/#organization\"},\"potentialAction\":[{\"@type\":\"SearchAction\",\"target\":{\"@type\":\"EntryPoint\",\"urlTemplate\":\"https:\\\/\\\/compa-rj.com.br\\\/?s={search_term_string}\"},\"query-input\":{\"@type\":\"PropertyValueSpecification\",\"valueRequired\":true,\"valueName\":\"search_term_string\"}}],\"inLanguage\":\"es\"},{\"@type\":\"Organization\",\"@id\":\"https:\\\/\\\/compa-rj.com.br\\\/#organization\",\"name\":\"Compa RJ \u2022 Col\u00e9gio da Companhia de Maria\",\"url\":\"https:\\\/\\\/compa-rj.com.br\\\/\",\"logo\":{\"@type\":\"ImageObject\",\"inLanguage\":\"es\",\"@id\":\"https:\\\/\\\/compa-rj.com.br\\\/#\\\/schema\\\/logo\\\/image\\\/\",\"url\":\"https:\\\/\\\/compa-rj.com.br\\\/wp-content\\\/uploads\\\/2022\\\/07\\\/LOGO_AZUL_COMPARJ.png\",\"contentUrl\":\"https:\\\/\\\/compa-rj.com.br\\\/wp-content\\\/uploads\\\/2022\\\/07\\\/LOGO_AZUL_COMPARJ.png\",\"width\":221,\"height\":76,\"caption\":\"Compa RJ \u2022 Col\u00e9gio da Companhia de Maria\"},\"image\":{\"@id\":\"https:\\\/\\\/compa-rj.com.br\\\/#\\\/schema\\\/logo\\\/image\\\/\"},\"sameAs\":[\"https:\\\/\\\/www.facebook.com\\\/ciademaria\\\/\",\"https:\\\/\\\/www.instagram.com\\\/compa.rj\\\/\",\"https:\\\/\\\/www.youtube.com\\\/channel\\\/UCY1iG0m9EWwOa1S6P1UQl4w\"]}]}<\/script>\n<!-- \/ Yoast SEO Premium plugin. -->","yoast_head_json":{"title":"Uniforme &#187; Compa RJ \u00bb Col\u00e9gio da Companhia de Maria","description":"Nosso olhar aponta para o novo, sem desconsiderar a seguran\u00e7a da tradi\u00e7\u00e3o de quem educa h\u00e1 mais de 400 anos em v\u00e1rias partes do mundo.","robots":{"index":"index","follow":"follow","max-snippet":"max-snippet:-1","max-image-preview":"max-image-preview:large","max-video-preview":"max-video-preview:-1"},"canonical":"https:\/\/compa-rj.com.br\/es\/uniforme\/","og_locale":"es_ES","og_type":"article","og_title":"Uniforme &#187; Compa RJ \u00bb Col\u00e9gio da Companhia de Maria","og_description":"Nosso olhar aponta para o novo, sem desconsiderar a seguran\u00e7a da tradi\u00e7\u00e3o de quem educa h\u00e1 mais de 400 anos em v\u00e1rias partes do mundo.","og_url":"https:\/\/compa-rj.com.br\/es\/uniforme\/","og_site_name":"Compa RJ \u00bb Col\u00e9gio da Companhia de Maria","article_publisher":"https:\/\/www.facebook.com\/ciademaria\/","article_modified_time":"2025-12-11T18:49:52+00:00","og_image":[{"width":1270,"height":768,"url":"https:\/\/compa-rj.com.br\/wp-content\/uploads\/2022\/09\/Compa-RJ_fachada.jpg","type":"image\/jpeg"}],"twitter_card":"summary_large_image","twitter_misc":{"Tiempo de lectura":"1 minuto"},"schema":{"@context":"https:\/\/schema.org","@graph":[{"@type":"WebPage","@id":"https:\/\/compa-rj.com.br\/uniforme\/","url":"https:\/\/compa-rj.com.br\/uniforme\/","name":"Uniforme &#187; Compa RJ \u00bb Col\u00e9gio da Companhia de Maria","isPartOf":{"@id":"https:\/\/compa-rj.com.br\/#website"},"datePublished":"2021-08-19T15:26:45+00:00","dateModified":"2025-12-11T18:49:52+00:00","description":"Nosso olhar aponta para o novo, sem desconsiderar a seguran\u00e7a da tradi\u00e7\u00e3o de quem educa h\u00e1 mais de 400 anos em v\u00e1rias partes do mundo.","breadcrumb":{"@id":"https:\/\/compa-rj.com.br\/uniforme\/#breadcrumb"},"inLanguage":"es","potentialAction":[{"@type":"ReadAction","target":["https:\/\/compa-rj.com.br\/uniforme\/"]}]},{"@type":"BreadcrumbList","@id":"https:\/\/compa-rj.com.br\/uniforme\/#breadcrumb","itemListElement":[{"@type":"ListItem","position":1,"name":"In\u00edcio","item":"https:\/\/compa-rj.com.br\/"},{"@type":"ListItem","position":2,"name":"Uniforme"}]},{"@type":"WebSite","@id":"https:\/\/compa-rj.com.br\/#website","url":"https:\/\/compa-rj.com.br\/","name":"Compa RJ \u00bb Col\u00e9gio da Companhia de Maria","description":"Red Internacional de Educaci\u00f3n","publisher":{"@id":"https:\/\/compa-rj.com.br\/#organization"},"potentialAction":[{"@type":"SearchAction","target":{"@type":"EntryPoint","urlTemplate":"https:\/\/compa-rj.com.br\/?s={search_term_string}"},"query-input":{"@type":"PropertyValueSpecification","valueRequired":true,"valueName":"search_term_string"}}],"inLanguage":"es"},{"@type":"Organization","@id":"https:\/\/compa-rj.com.br\/#organization","name":"Compa RJ \u2022 Col\u00e9gio da Companhia de Maria","url":"https:\/\/compa-rj.com.br\/","logo":{"@type":"ImageObject","inLanguage":"es","@id":"https:\/\/compa-rj.com.br\/#\/schema\/logo\/image\/","url":"https:\/\/compa-rj.com.br\/wp-content\/uploads\/2022\/07\/LOGO_AZUL_COMPARJ.png","contentUrl":"https:\/\/compa-rj.com.br\/wp-content\/uploads\/2022\/07\/LOGO_AZUL_COMPARJ.png","width":221,"height":76,"caption":"Compa RJ \u2022 Col\u00e9gio da Companhia de Maria"},"image":{"@id":"https:\/\/compa-rj.com.br\/#\/schema\/logo\/image\/"},"sameAs":["https:\/\/www.facebook.com\/ciademaria\/","https:\/\/www.instagram.com\/compa.rj\/","https:\/\/www.youtube.com\/channel\/UCY1iG0m9EWwOa1S6P1UQl4w"]}]}},"_links":{"self":[{"href":"https:\/\/compa-rj.com.br\/es\/wp-json\/wp\/v2\/pages\/3146","targetHints":{"allow":["GET"]}}],"collection":[{"href":"https:\/\/compa-rj.com.br\/es\/wp-json\/wp\/v2\/pages"}],"about":[{"href":"https:\/\/compa-rj.com.br\/es\/wp-json\/wp\/v2\/types\/page"}],"author":[{"embeddable":true,"href":"https:\/\/compa-rj.com.br\/es\/wp-json\/wp\/v2\/users\/1"}],"replies":[{"embeddable":true,"href":"https:\/\/compa-rj.com.br\/es\/wp-json\/wp\/v2\/comments?post=3146"}],"version-history":[{"count":40,"href":"https:\/\/compa-rj.com.br\/es\/wp-json\/wp\/v2\/pages\/3146\/revisions"}],"predecessor-version":[{"id":34680,"href":"https:\/\/compa-rj.com.br\/es\/wp-json\/wp\/v2\/pages\/3146\/revisions\/34680"}],"wp:attachment":[{"href":"https:\/\/compa-rj.com.br\/es\/wp-json\/wp\/v2\/media?parent=3146"}],"curies":[{"name":"wp","href":"https:\/\/api.w.org\/{rel}","templated":true}]}}