{"id":1954,"date":"2021-07-23T17:32:54","date_gmt":"2021-07-23T20:32:54","guid":{"rendered":"https:\/\/compa-rj.com.br\/?page_id=1954"},"modified":"2024-02-17T22:10:43","modified_gmt":"2024-02-18T01:10:43","slug":"login","status":"publish","type":"page","link":"https:\/\/compa-rj.com.br\/es\/login\/","title":{"rendered":"Acceso de estudiantes, responsables y maestros"},"content":{"rendered":"<div data-elementor-type=\"wp-page\" data-elementor-id=\"1954\" class=\"elementor elementor-1954\" data-elementor-post-type=\"page\">\n\t\t\t\t\t\t<section class=\"elementor-section elementor-top-section elementor-element elementor-element-d964c64 elementor-section-full_width elementor-section-stretched elementor-section-height-default elementor-section-height-default\" data-id=\"d964c64\" data-element_type=\"section\" data-settings=\"{&quot;stretch_section&quot;:&quot;section-stretched&quot;}\">\n\t\t\t\t\t\t<div class=\"elementor-container elementor-column-gap-custom\">\n\t\t\t\t\t<div class=\"elementor-column elementor-col-100 elementor-top-column elementor-element elementor-element-bd9a136\" data-id=\"bd9a136\" data-element_type=\"column\">\n\t\t\t<div class=\"elementor-widget-wrap\">\n\t\t\t\t\t\t\t<\/div>\n\t\t<\/div>\n\t\t\t\t\t<\/div>\n\t\t<\/section>\n\t\t\t\t<section class=\"elementor-section elementor-top-section elementor-element elementor-element-10d1a4f elementor-section-full_width elementor-section-stretched elementor-section-height-default elementor-section-height-default\" data-id=\"10d1a4f\" data-element_type=\"section\" data-settings=\"{&quot;stretch_section&quot;:&quot;section-stretched&quot;}\">\n\t\t\t\t\t\t<div class=\"elementor-container elementor-column-gap-custom\">\n\t\t\t\t\t<div class=\"elementor-column elementor-col-100 elementor-top-column elementor-element elementor-element-9dda1d6\" data-id=\"9dda1d6\" data-element_type=\"column\" data-settings=\"{&quot;background_background&quot;:&quot;classic&quot;}\">\n\t\t\t<div class=\"elementor-widget-wrap elementor-element-populated\">\n\t\t\t\t\t\t<div class=\"elementor-element elementor-element-5bfbbba elementor-align-center elementor-icon-list--layout-traditional elementor-list-item-link-full_width elementor-widget elementor-widget-icon-list\" data-id=\"5bfbbba\" data-element_type=\"widget\" data-widget_type=\"icon-list.default\">\n\t\t\t\t<div class=\"elementor-widget-container\">\n\t\t\t\t\t\t\t<ul class=\"elementor-icon-list-items\">\n\t\t\t\t\t\t\t<li class=\"elementor-icon-list-item\">\n\t\t\t\t\t\t\t\t\t\t\t<a href=\"https:\/\/www.serconet.com.br\/sistemas\/comparj\/saf\/\" target=\"_blank\">\n\n\t\t\t\t\t\t\t\t\t\t\t<span class=\"elementor-icon-list-text\">Portal Acad\u00eamico<\/span>\n\t\t\t\t\t\t\t\t\t\t\t<\/a>\n\t\t\t\t\t\t\t\t\t<\/li>\n\t\t\t\t\t\t<\/ul>\n\t\t\t\t\t\t<\/div>\n\t\t\t\t<\/div>\n\t\t\t\t<div class=\"elementor-element elementor-element-6316e74 elementor-widget elementor-widget-text-editor\" data-id=\"6316e74\" data-element_type=\"widget\" data-widget_type=\"text-editor.default\">\n\t\t\t\t<div class=\"elementor-widget-container\">\n\t\t\t\t\t\t\t\t\t<p style=\"text-align: center\">Acesso ao Portal (Pais, Professores e Estudantes)<\/p>\t\t\t\t\t\t\t\t<\/div>\n\t\t\t\t<\/div>\n\t\t\t\t<div class=\"elementor-element elementor-element-3b01180 elementor-align-center elementor-icon-list--layout-traditional elementor-list-item-link-full_width elementor-widget elementor-widget-icon-list\" data-id=\"3b01180\" data-element_type=\"widget\" data-widget_type=\"icon-list.default\">\n\t\t\t\t<div class=\"elementor-widget-container\">\n\t\t\t\t\t\t\t<ul class=\"elementor-icon-list-items\">\n\t\t\t\t\t\t\t<li class=\"elementor-icon-list-item\">\n\t\t\t\t\t\t\t\t\t\t\t<a href=\"https:\/\/classroom.google.com\/u\/0\/h\" target=\"_blank\">\n\n\t\t\t\t\t\t\t\t\t\t\t<span class=\"elementor-icon-list-text\">Google for Education<\/span>\n\t\t\t\t\t\t\t\t\t\t\t<\/a>\n\t\t\t\t\t\t\t\t\t<\/li>\n\t\t\t\t\t\t<\/ul>\n\t\t\t\t\t\t<\/div>\n\t\t\t\t<\/div>\n\t\t\t\t<div class=\"elementor-element elementor-element-6b17586 elementor-widget elementor-widget-text-editor\" data-id=\"6b17586\" data-element_type=\"widget\" data-widget_type=\"text-editor.default\">\n\t\t\t\t<div class=\"elementor-widget-container\">\n\t\t\t\t\t\t\t\t\t<p style=\"text-align: center\">Acesso ao Google (Professores e Estudantes)<\/p>\t\t\t\t\t\t\t\t<\/div>\n\t\t\t\t<\/div>\n\t\t\t\t<div class=\"elementor-element elementor-element-3b3d8cd elementor-align-center elementor-icon-list--layout-traditional elementor-list-item-link-full_width elementor-widget elementor-widget-icon-list\" data-id=\"3b3d8cd\" data-element_type=\"widget\" data-widget_type=\"icon-list.default\">\n\t\t\t\t<div class=\"elementor-widget-container\">\n\t\t\t\t\t\t\t<ul class=\"elementor-icon-list-items\">\n\t\t\t\t\t\t\t<li class=\"elementor-icon-list-item\">\n\t\t\t\t\t\t\t\t\t\t\t<a href=\"http:\/\/classapp.co\/comparj\" target=\"_blank\">\n\n\t\t\t\t\t\t\t\t\t\t\t<span class=\"elementor-icon-list-text\">ClassApp<\/span>\n\t\t\t\t\t\t\t\t\t\t\t<\/a>\n\t\t\t\t\t\t\t\t\t<\/li>\n\t\t\t\t\t\t<\/ul>\n\t\t\t\t\t\t<\/div>\n\t\t\t\t<\/div>\n\t\t\t\t<div class=\"elementor-element elementor-element-7031884 elementor-widget elementor-widget-text-editor\" data-id=\"7031884\" data-element_type=\"widget\" data-widget_type=\"text-editor.default\">\n\t\t\t\t<div class=\"elementor-widget-container\">\n\t\t\t\t\t\t\t\t\t<p style=\"text-align: center\">Acesso ao APP (Pais, Professores e Estudantes)<\/p>\t\t\t\t\t\t\t\t<\/div>\n\t\t\t\t<\/div>\n\t\t\t\t\t<\/div>\n\t\t<\/div>\n\t\t\t\t\t<\/div>\n\t\t<\/section>\n\t\t\t\t<\/div>","protected":false},"excerpt":{"rendered":"<p>Portal Acad\u00eamico Acesso ao Portal (Pais, Professores e Estudantes) Google for Education Acesso ao Google (Professores e Estudantes) ClassApp Acesso ao APP (Pais, Professores e Estudantes)<\/p>","protected":false},"author":1,"featured_media":0,"parent":0,"menu_order":0,"comment_status":"closed","ping_status":"closed","template":"","meta":{"footnotes":""},"class_list":["post-1954","page","type-page","status-publish","hentry"],"yoast_head":"<!-- This site is optimized with the Yoast SEO Premium plugin v25.7.1 (Yoast SEO v27.3) - https:\/\/yoast.com\/product\/yoast-seo-premium-wordpress\/ -->\n<title>Acesso do Estudante, Respons\u00e1vel e Professor &#187; Compa RJ \u00bb Col\u00e9gio da Companhia de Maria<\/title>\n<meta name=\"description\" content=\"Nosso olhar aponta para o novo, sem desconsiderar a seguran\u00e7a da tradi\u00e7\u00e3o de quem educa h\u00e1 mais de 400 anos em v\u00e1rias partes do mundo.\" \/>\n<meta name=\"robots\" content=\"noindex, follow\" \/>\n<meta property=\"og:locale\" content=\"es_ES\" \/>\n<meta property=\"og:type\" content=\"article\" \/>\n<meta property=\"og:title\" content=\"Acesso do Estudante, Respons\u00e1vel e Professor &#187; Compa RJ \u00bb Col\u00e9gio da Companhia de Maria\" \/>\n<meta property=\"og:description\" content=\"Nosso olhar aponta para o novo, sem desconsiderar a seguran\u00e7a da tradi\u00e7\u00e3o de quem educa h\u00e1 mais de 400 anos em v\u00e1rias partes do mundo.\" \/>\n<meta property=\"og:url\" content=\"https:\/\/compa-rj.com.br\/es\/login\/\" \/>\n<meta property=\"og:site_name\" content=\"Compa RJ \u00bb Col\u00e9gio da Companhia de Maria\" \/>\n<meta property=\"article:publisher\" content=\"https:\/\/www.facebook.com\/ciademaria\/\" \/>\n<meta property=\"article:modified_time\" content=\"2024-02-18T01:10:43+00:00\" \/>\n<meta property=\"og:image\" content=\"https:\/\/compa-rj.com.br\/wp-content\/uploads\/2022\/09\/Compa-RJ_fachada.jpg\" \/>\n\t<meta property=\"og:image:width\" content=\"1270\" \/>\n\t<meta property=\"og:image:height\" content=\"768\" \/>\n\t<meta property=\"og:image:type\" content=\"image\/jpeg\" \/>\n<meta name=\"twitter:card\" content=\"summary_large_image\" \/>\n<meta name=\"twitter:label1\" content=\"Tiempo de lectura\" \/>\n\t<meta name=\"twitter:data1\" content=\"1 minuto\" \/>\n<script type=\"application\/ld+json\" class=\"yoast-schema-graph\">{\"@context\":\"https:\\\/\\\/schema.org\",\"@graph\":[{\"@type\":\"WebPage\",\"@id\":\"https:\\\/\\\/compa-rj.com.br\\\/login\\\/\",\"url\":\"https:\\\/\\\/compa-rj.com.br\\\/login\\\/\",\"name\":\"Acesso do Estudante, Respons\u00e1vel e Professor &#187; Compa RJ \u00bb Col\u00e9gio da Companhia de Maria\",\"isPartOf\":{\"@id\":\"https:\\\/\\\/compa-rj.com.br\\\/#website\"},\"datePublished\":\"2021-07-23T20:32:54+00:00\",\"dateModified\":\"2024-02-18T01:10:43+00:00\",\"description\":\"Nosso olhar aponta para o novo, sem desconsiderar a seguran\u00e7a da tradi\u00e7\u00e3o de quem educa h\u00e1 mais de 400 anos em v\u00e1rias partes do mundo.\",\"breadcrumb\":{\"@id\":\"https:\\\/\\\/compa-rj.com.br\\\/login\\\/#breadcrumb\"},\"inLanguage\":\"es\",\"potentialAction\":[{\"@type\":\"ReadAction\",\"target\":[\"https:\\\/\\\/compa-rj.com.br\\\/login\\\/\"]}]},{\"@type\":\"BreadcrumbList\",\"@id\":\"https:\\\/\\\/compa-rj.com.br\\\/login\\\/#breadcrumb\",\"itemListElement\":[{\"@type\":\"ListItem\",\"position\":1,\"name\":\"In\u00edcio\",\"item\":\"https:\\\/\\\/compa-rj.com.br\\\/\"},{\"@type\":\"ListItem\",\"position\":2,\"name\":\"Acesso do Estudante, Respons\u00e1vel e Professor\"}]},{\"@type\":\"WebSite\",\"@id\":\"https:\\\/\\\/compa-rj.com.br\\\/#website\",\"url\":\"https:\\\/\\\/compa-rj.com.br\\\/\",\"name\":\"Compa RJ \u00bb Col\u00e9gio da Companhia de Maria\",\"description\":\"Rede Internacional de Ensino\",\"publisher\":{\"@id\":\"https:\\\/\\\/compa-rj.com.br\\\/#organization\"},\"potentialAction\":[{\"@type\":\"SearchAction\",\"target\":{\"@type\":\"EntryPoint\",\"urlTemplate\":\"https:\\\/\\\/compa-rj.com.br\\\/?s={search_term_string}\"},\"query-input\":{\"@type\":\"PropertyValueSpecification\",\"valueRequired\":true,\"valueName\":\"search_term_string\"}}],\"inLanguage\":\"es\"},{\"@type\":\"Organization\",\"@id\":\"https:\\\/\\\/compa-rj.com.br\\\/#organization\",\"name\":\"Compa RJ \u2022 Col\u00e9gio da Companhia de Maria\",\"url\":\"https:\\\/\\\/compa-rj.com.br\\\/\",\"logo\":{\"@type\":\"ImageObject\",\"inLanguage\":\"es\",\"@id\":\"https:\\\/\\\/compa-rj.com.br\\\/#\\\/schema\\\/logo\\\/image\\\/\",\"url\":\"https:\\\/\\\/compa-rj.com.br\\\/wp-content\\\/uploads\\\/2022\\\/07\\\/LOGO_AZUL_COMPARJ.png\",\"contentUrl\":\"https:\\\/\\\/compa-rj.com.br\\\/wp-content\\\/uploads\\\/2022\\\/07\\\/LOGO_AZUL_COMPARJ.png\",\"width\":221,\"height\":76,\"caption\":\"Compa RJ \u2022 Col\u00e9gio da Companhia de Maria\"},\"image\":{\"@id\":\"https:\\\/\\\/compa-rj.com.br\\\/#\\\/schema\\\/logo\\\/image\\\/\"},\"sameAs\":[\"https:\\\/\\\/www.facebook.com\\\/ciademaria\\\/\",\"https:\\\/\\\/www.instagram.com\\\/compa.rj\\\/\",\"https:\\\/\\\/www.youtube.com\\\/channel\\\/UCY1iG0m9EWwOa1S6P1UQl4w\"]}]}<\/script>\n<!-- \/ Yoast SEO Premium plugin. -->","yoast_head_json":{"title":"Acesso do Estudante, Respons\u00e1vel e Professor &#187; Compa RJ \u00bb Col\u00e9gio da Companhia de Maria","description":"Nosso olhar aponta para o novo, sem desconsiderar a seguran\u00e7a da tradi\u00e7\u00e3o de quem educa h\u00e1 mais de 400 anos em v\u00e1rias partes do mundo.","robots":{"index":"noindex","follow":"follow"},"og_locale":"es_ES","og_type":"article","og_title":"Acesso do Estudante, Respons\u00e1vel e Professor &#187; Compa RJ \u00bb Col\u00e9gio da Companhia de Maria","og_description":"Nosso olhar aponta para o novo, sem desconsiderar a seguran\u00e7a da tradi\u00e7\u00e3o de quem educa h\u00e1 mais de 400 anos em v\u00e1rias partes do mundo.","og_url":"https:\/\/compa-rj.com.br\/es\/login\/","og_site_name":"Compa RJ \u00bb Col\u00e9gio da Companhia de Maria","article_publisher":"https:\/\/www.facebook.com\/ciademaria\/","article_modified_time":"2024-02-18T01:10:43+00:00","og_image":[{"width":1270,"height":768,"url":"https:\/\/compa-rj.com.br\/wp-content\/uploads\/2022\/09\/Compa-RJ_fachada.jpg","type":"image\/jpeg"}],"twitter_card":"summary_large_image","twitter_misc":{"Tiempo de lectura":"1 minuto"},"schema":{"@context":"https:\/\/schema.org","@graph":[{"@type":"WebPage","@id":"https:\/\/compa-rj.com.br\/login\/","url":"https:\/\/compa-rj.com.br\/login\/","name":"Acesso do Estudante, Respons\u00e1vel e Professor &#187; Compa RJ \u00bb Col\u00e9gio da Companhia de Maria","isPartOf":{"@id":"https:\/\/compa-rj.com.br\/#website"},"datePublished":"2021-07-23T20:32:54+00:00","dateModified":"2024-02-18T01:10:43+00:00","description":"Nosso olhar aponta para o novo, sem desconsiderar a seguran\u00e7a da tradi\u00e7\u00e3o de quem educa h\u00e1 mais de 400 anos em v\u00e1rias partes do mundo.","breadcrumb":{"@id":"https:\/\/compa-rj.com.br\/login\/#breadcrumb"},"inLanguage":"es","potentialAction":[{"@type":"ReadAction","target":["https:\/\/compa-rj.com.br\/login\/"]}]},{"@type":"BreadcrumbList","@id":"https:\/\/compa-rj.com.br\/login\/#breadcrumb","itemListElement":[{"@type":"ListItem","position":1,"name":"In\u00edcio","item":"https:\/\/compa-rj.com.br\/"},{"@type":"ListItem","position":2,"name":"Acesso do Estudante, Respons\u00e1vel e Professor"}]},{"@type":"WebSite","@id":"https:\/\/compa-rj.com.br\/#website","url":"https:\/\/compa-rj.com.br\/","name":"Compa RJ \u00bb Col\u00e9gio da Companhia de Maria","description":"Red Internacional de Educaci\u00f3n","publisher":{"@id":"https:\/\/compa-rj.com.br\/#organization"},"potentialAction":[{"@type":"SearchAction","target":{"@type":"EntryPoint","urlTemplate":"https:\/\/compa-rj.com.br\/?s={search_term_string}"},"query-input":{"@type":"PropertyValueSpecification","valueRequired":true,"valueName":"search_term_string"}}],"inLanguage":"es"},{"@type":"Organization","@id":"https:\/\/compa-rj.com.br\/#organization","name":"Compa RJ \u2022 Col\u00e9gio da Companhia de Maria","url":"https:\/\/compa-rj.com.br\/","logo":{"@type":"ImageObject","inLanguage":"es","@id":"https:\/\/compa-rj.com.br\/#\/schema\/logo\/image\/","url":"https:\/\/compa-rj.com.br\/wp-content\/uploads\/2022\/07\/LOGO_AZUL_COMPARJ.png","contentUrl":"https:\/\/compa-rj.com.br\/wp-content\/uploads\/2022\/07\/LOGO_AZUL_COMPARJ.png","width":221,"height":76,"caption":"Compa RJ \u2022 Col\u00e9gio da Companhia de Maria"},"image":{"@id":"https:\/\/compa-rj.com.br\/#\/schema\/logo\/image\/"},"sameAs":["https:\/\/www.facebook.com\/ciademaria\/","https:\/\/www.instagram.com\/compa.rj\/","https:\/\/www.youtube.com\/channel\/UCY1iG0m9EWwOa1S6P1UQl4w"]}]}},"_links":{"self":[{"href":"https:\/\/compa-rj.com.br\/es\/wp-json\/wp\/v2\/pages\/1954","targetHints":{"allow":["GET"]}}],"collection":[{"href":"https:\/\/compa-rj.com.br\/es\/wp-json\/wp\/v2\/pages"}],"about":[{"href":"https:\/\/compa-rj.com.br\/es\/wp-json\/wp\/v2\/types\/page"}],"author":[{"embeddable":true,"href":"https:\/\/compa-rj.com.br\/es\/wp-json\/wp\/v2\/users\/1"}],"replies":[{"embeddable":true,"href":"https:\/\/compa-rj.com.br\/es\/wp-json\/wp\/v2\/comments?post=1954"}],"version-history":[{"count":257,"href":"https:\/\/compa-rj.com.br\/es\/wp-json\/wp\/v2\/pages\/1954\/revisions"}],"predecessor-version":[{"id":34148,"href":"https:\/\/compa-rj.com.br\/es\/wp-json\/wp\/v2\/pages\/1954\/revisions\/34148"}],"wp:attachment":[{"href":"https:\/\/compa-rj.com.br\/es\/wp-json\/wp\/v2\/media?parent=1954"}],"curies":[{"name":"wp","href":"https:\/\/api.w.org\/{rel}","templated":true}]}}