{"id":34406,"date":"2025-01-23T12:29:17","date_gmt":"2025-01-23T15:29:17","guid":{"rendered":"https:\/\/compa-rj.com.br\/?page_id=34406"},"modified":"2025-01-23T12:30:33","modified_gmt":"2025-01-23T15:30:33","slug":"manual-de-orientacoes-gerais-2025","status":"publish","type":"page","link":"https:\/\/compa-rj.com.br\/en\/secretaria\/manual-de-orientacoes-gerais-2025\/","title":{"rendered":"Manual de Orienta\u00e7\u00f5es Gerais &#8211; 2025"},"content":{"rendered":"<div data-elementor-type=\"wp-page\" data-elementor-id=\"34406\" class=\"elementor elementor-34406\" data-elementor-post-type=\"page\">\n\t\t\t\t\t\t<section class=\"elementor-section elementor-top-section elementor-element elementor-element-34c327e elementor-section-full_width elementor-section-height-full elementor-section-content-middle elementor-section-height-default elementor-section-items-middle\" data-id=\"34c327e\" data-element_type=\"section\">\n\t\t\t\t\t\t<div class=\"elementor-container elementor-column-gap-no\">\n\t\t\t\t\t<div class=\"elementor-column elementor-col-100 elementor-top-column elementor-element elementor-element-26f886d\" data-id=\"26f886d\" data-element_type=\"column\">\n\t\t\t<div class=\"elementor-widget-wrap elementor-element-populated\">\n\t\t\t\t\t\t<div class=\"elementor-element elementor-element-e785aaf elementor-widget elementor-widget-shortcode\" data-id=\"e785aaf\" data-element_type=\"widget\" data-widget_type=\"shortcode.default\">\n\t\t\t\t<div class=\"elementor-widget-container\">\n\t\t\t\t\t\t\t<div class=\"elementor-shortcode\"><div class=\"_df_book df-lite\" id=\"df_34403\"  _slug=\"manual-de-orientacoes-gerais-2025\" data-title=\"manual-de-orientacoes-gerais-2025\" wpoptions=\"true\" thumbtype=\"\" ><\/div><script class=\"df-shortcode-script\" nowprocket type=\"application\/javascript\">window.option_df_34403 = {\"outline\":[],\"autoEnableOutline\":\"false\",\"autoEnableThumbnail\":\"false\",\"overwritePDFOutline\":\"false\",\"direction\":\"1\",\"pageSize\":\"0\",\"source\":\"https:\\\/\\\/compa-rj.com.br\\\/wp-content\\\/uploads\\\/2025\\\/01\\\/CIA-RJ-Manual-de-Orientacoes-Gerais-2025-v2.pdf\",\"wpOptions\":\"true\"}; if(window.DFLIP && window.DFLIP.parseBooks){window.DFLIP.parseBooks();}<\/script><\/div>\n\t\t\t\t\t\t<\/div>\n\t\t\t\t<\/div>\n\t\t\t\t\t<\/div>\n\t\t<\/div>\n\t\t\t\t\t<\/div>\n\t\t<\/section>\n\t\t\t\t<\/div>","protected":false},"excerpt":{"rendered":"","protected":false},"author":3,"featured_media":0,"parent":33544,"menu_order":0,"comment_status":"closed","ping_status":"closed","template":"elementor_canvas","meta":{"footnotes":""},"class_list":["post-34406","page","type-page","status-publish","hentry"],"yoast_head":"<!-- This site is optimized with the Yoast SEO Premium plugin v25.7.1 (Yoast SEO v27.3) - https:\/\/yoast.com\/product\/yoast-seo-premium-wordpress\/ -->\n<title>Manual de Orienta\u00e7\u00f5es Gerais - 2025 &#187; Compa RJ \u00bb Col\u00e9gio da Companhia de Maria<\/title>\n<meta name=\"description\" content=\"Nosso olhar aponta para o novo, sem desconsiderar a seguran\u00e7a da tradi\u00e7\u00e3o de quem educa h\u00e1 mais de 400 anos em v\u00e1rias partes do mundo.\" \/>\n<meta name=\"robots\" content=\"index, follow, max-snippet:-1, max-image-preview:large, max-video-preview:-1\" \/>\n<link rel=\"canonical\" href=\"https:\/\/compa-rj.com.br\/en\/secretaria\/manual-de-orientacoes-gerais-2025\/\" \/>\n<meta property=\"og:locale\" content=\"en_US\" \/>\n<meta property=\"og:type\" content=\"article\" \/>\n<meta property=\"og:title\" content=\"Manual de Orienta\u00e7\u00f5es Gerais - 2025 &#187; Compa RJ \u00bb Col\u00e9gio da Companhia de Maria\" \/>\n<meta property=\"og:description\" content=\"Nosso olhar aponta para o novo, sem desconsiderar a seguran\u00e7a da tradi\u00e7\u00e3o de quem educa h\u00e1 mais de 400 anos em v\u00e1rias partes do mundo.\" \/>\n<meta property=\"og:url\" content=\"https:\/\/compa-rj.com.br\/en\/secretaria\/manual-de-orientacoes-gerais-2025\/\" \/>\n<meta property=\"og:site_name\" content=\"Compa RJ \u00bb Col\u00e9gio da Companhia de Maria\" \/>\n<meta property=\"article:publisher\" content=\"https:\/\/www.facebook.com\/ciademaria\/\" \/>\n<meta property=\"article:modified_time\" content=\"2025-01-23T15:30:33+00:00\" \/>\n<meta property=\"og:image\" content=\"https:\/\/compa-rj.com.br\/wp-content\/uploads\/2022\/09\/Compa-RJ_fachada.jpg\" \/>\n\t<meta property=\"og:image:width\" content=\"1270\" \/>\n\t<meta property=\"og:image:height\" content=\"768\" \/>\n\t<meta property=\"og:image:type\" content=\"image\/jpeg\" \/>\n<meta name=\"twitter:card\" content=\"summary_large_image\" \/>\n<script type=\"application\/ld+json\" class=\"yoast-schema-graph\">{\"@context\":\"https:\\\/\\\/schema.org\",\"@graph\":[{\"@type\":\"WebPage\",\"@id\":\"https:\\\/\\\/compa-rj.com.br\\\/secretaria\\\/manual-de-orientacoes-gerais-2025\\\/\",\"url\":\"https:\\\/\\\/compa-rj.com.br\\\/secretaria\\\/manual-de-orientacoes-gerais-2025\\\/\",\"name\":\"Manual de Orienta\u00e7\u00f5es Gerais - 2025 &#187; Compa RJ \u00bb Col\u00e9gio da Companhia de Maria\",\"isPartOf\":{\"@id\":\"https:\\\/\\\/compa-rj.com.br\\\/#website\"},\"datePublished\":\"2025-01-23T15:29:17+00:00\",\"dateModified\":\"2025-01-23T15:30:33+00:00\",\"description\":\"Nosso olhar aponta para o novo, sem desconsiderar a seguran\u00e7a da tradi\u00e7\u00e3o de quem educa h\u00e1 mais de 400 anos em v\u00e1rias partes do mundo.\",\"breadcrumb\":{\"@id\":\"https:\\\/\\\/compa-rj.com.br\\\/secretaria\\\/manual-de-orientacoes-gerais-2025\\\/#breadcrumb\"},\"inLanguage\":\"en-US\",\"potentialAction\":[{\"@type\":\"ReadAction\",\"target\":[\"https:\\\/\\\/compa-rj.com.br\\\/secretaria\\\/manual-de-orientacoes-gerais-2025\\\/\"]}]},{\"@type\":\"BreadcrumbList\",\"@id\":\"https:\\\/\\\/compa-rj.com.br\\\/secretaria\\\/manual-de-orientacoes-gerais-2025\\\/#breadcrumb\",\"itemListElement\":[{\"@type\":\"ListItem\",\"position\":1,\"name\":\"In\u00edcio\",\"item\":\"https:\\\/\\\/compa-rj.com.br\\\/\"},{\"@type\":\"ListItem\",\"position\":2,\"name\":\"SECRETARIA\",\"item\":\"https:\\\/\\\/compa-rj.com.br\\\/secretaria\\\/\"},{\"@type\":\"ListItem\",\"position\":3,\"name\":\"Manual de Orienta\u00e7\u00f5es Gerais &#8211; 2025\"}]},{\"@type\":\"WebSite\",\"@id\":\"https:\\\/\\\/compa-rj.com.br\\\/#website\",\"url\":\"https:\\\/\\\/compa-rj.com.br\\\/\",\"name\":\"Compa RJ \u00bb Col\u00e9gio da Companhia de Maria\",\"description\":\"Rede Internacional de Ensino\",\"publisher\":{\"@id\":\"https:\\\/\\\/compa-rj.com.br\\\/#organization\"},\"potentialAction\":[{\"@type\":\"SearchAction\",\"target\":{\"@type\":\"EntryPoint\",\"urlTemplate\":\"https:\\\/\\\/compa-rj.com.br\\\/?s={search_term_string}\"},\"query-input\":{\"@type\":\"PropertyValueSpecification\",\"valueRequired\":true,\"valueName\":\"search_term_string\"}}],\"inLanguage\":\"en-US\"},{\"@type\":\"Organization\",\"@id\":\"https:\\\/\\\/compa-rj.com.br\\\/#organization\",\"name\":\"Compa RJ \u2022 Col\u00e9gio da Companhia de Maria\",\"url\":\"https:\\\/\\\/compa-rj.com.br\\\/\",\"logo\":{\"@type\":\"ImageObject\",\"inLanguage\":\"en-US\",\"@id\":\"https:\\\/\\\/compa-rj.com.br\\\/#\\\/schema\\\/logo\\\/image\\\/\",\"url\":\"https:\\\/\\\/compa-rj.com.br\\\/wp-content\\\/uploads\\\/2022\\\/07\\\/LOGO_AZUL_COMPARJ.png\",\"contentUrl\":\"https:\\\/\\\/compa-rj.com.br\\\/wp-content\\\/uploads\\\/2022\\\/07\\\/LOGO_AZUL_COMPARJ.png\",\"width\":221,\"height\":76,\"caption\":\"Compa RJ \u2022 Col\u00e9gio da Companhia de Maria\"},\"image\":{\"@id\":\"https:\\\/\\\/compa-rj.com.br\\\/#\\\/schema\\\/logo\\\/image\\\/\"},\"sameAs\":[\"https:\\\/\\\/www.facebook.com\\\/ciademaria\\\/\",\"https:\\\/\\\/www.instagram.com\\\/compa.rj\\\/\",\"https:\\\/\\\/www.youtube.com\\\/channel\\\/UCY1iG0m9EWwOa1S6P1UQl4w\"]}]}<\/script>\n<!-- \/ Yoast SEO Premium plugin. -->","yoast_head_json":{"title":"Manual de Orienta\u00e7\u00f5es Gerais - 2025 &#187; Compa RJ \u00bb Col\u00e9gio da Companhia de Maria","description":"Nosso olhar aponta para o novo, sem desconsiderar a seguran\u00e7a da tradi\u00e7\u00e3o de quem educa h\u00e1 mais de 400 anos em v\u00e1rias partes do mundo.","robots":{"index":"index","follow":"follow","max-snippet":"max-snippet:-1","max-image-preview":"max-image-preview:large","max-video-preview":"max-video-preview:-1"},"canonical":"https:\/\/compa-rj.com.br\/en\/secretaria\/manual-de-orientacoes-gerais-2025\/","og_locale":"en_US","og_type":"article","og_title":"Manual de Orienta\u00e7\u00f5es Gerais - 2025 &#187; Compa RJ \u00bb Col\u00e9gio da Companhia de Maria","og_description":"Nosso olhar aponta para o novo, sem desconsiderar a seguran\u00e7a da tradi\u00e7\u00e3o de quem educa h\u00e1 mais de 400 anos em v\u00e1rias partes do mundo.","og_url":"https:\/\/compa-rj.com.br\/en\/secretaria\/manual-de-orientacoes-gerais-2025\/","og_site_name":"Compa RJ \u00bb Col\u00e9gio da Companhia de Maria","article_publisher":"https:\/\/www.facebook.com\/ciademaria\/","article_modified_time":"2025-01-23T15:30:33+00:00","og_image":[{"width":1270,"height":768,"url":"https:\/\/compa-rj.com.br\/wp-content\/uploads\/2022\/09\/Compa-RJ_fachada.jpg","type":"image\/jpeg"}],"twitter_card":"summary_large_image","schema":{"@context":"https:\/\/schema.org","@graph":[{"@type":"WebPage","@id":"https:\/\/compa-rj.com.br\/secretaria\/manual-de-orientacoes-gerais-2025\/","url":"https:\/\/compa-rj.com.br\/secretaria\/manual-de-orientacoes-gerais-2025\/","name":"Manual de Orienta\u00e7\u00f5es Gerais - 2025 &#187; Compa RJ \u00bb Col\u00e9gio da Companhia de Maria","isPartOf":{"@id":"https:\/\/compa-rj.com.br\/#website"},"datePublished":"2025-01-23T15:29:17+00:00","dateModified":"2025-01-23T15:30:33+00:00","description":"Nosso olhar aponta para o novo, sem desconsiderar a seguran\u00e7a da tradi\u00e7\u00e3o de quem educa h\u00e1 mais de 400 anos em v\u00e1rias partes do mundo.","breadcrumb":{"@id":"https:\/\/compa-rj.com.br\/secretaria\/manual-de-orientacoes-gerais-2025\/#breadcrumb"},"inLanguage":"en-US","potentialAction":[{"@type":"ReadAction","target":["https:\/\/compa-rj.com.br\/secretaria\/manual-de-orientacoes-gerais-2025\/"]}]},{"@type":"BreadcrumbList","@id":"https:\/\/compa-rj.com.br\/secretaria\/manual-de-orientacoes-gerais-2025\/#breadcrumb","itemListElement":[{"@type":"ListItem","position":1,"name":"In\u00edcio","item":"https:\/\/compa-rj.com.br\/"},{"@type":"ListItem","position":2,"name":"SECRETARIA","item":"https:\/\/compa-rj.com.br\/secretaria\/"},{"@type":"ListItem","position":3,"name":"Manual de Orienta\u00e7\u00f5es Gerais &#8211; 2025"}]},{"@type":"WebSite","@id":"https:\/\/compa-rj.com.br\/#website","url":"https:\/\/compa-rj.com.br\/","name":"Compa RJ \u00bb Col\u00e9gio da Companhia de Maria","description":"International Education Network","publisher":{"@id":"https:\/\/compa-rj.com.br\/#organization"},"potentialAction":[{"@type":"SearchAction","target":{"@type":"EntryPoint","urlTemplate":"https:\/\/compa-rj.com.br\/?s={search_term_string}"},"query-input":{"@type":"PropertyValueSpecification","valueRequired":true,"valueName":"search_term_string"}}],"inLanguage":"en-US"},{"@type":"Organization","@id":"https:\/\/compa-rj.com.br\/#organization","name":"Compa RJ \u2022 Col\u00e9gio da Companhia de Maria","url":"https:\/\/compa-rj.com.br\/","logo":{"@type":"ImageObject","inLanguage":"en-US","@id":"https:\/\/compa-rj.com.br\/#\/schema\/logo\/image\/","url":"https:\/\/compa-rj.com.br\/wp-content\/uploads\/2022\/07\/LOGO_AZUL_COMPARJ.png","contentUrl":"https:\/\/compa-rj.com.br\/wp-content\/uploads\/2022\/07\/LOGO_AZUL_COMPARJ.png","width":221,"height":76,"caption":"Compa RJ \u2022 Col\u00e9gio da Companhia de Maria"},"image":{"@id":"https:\/\/compa-rj.com.br\/#\/schema\/logo\/image\/"},"sameAs":["https:\/\/www.facebook.com\/ciademaria\/","https:\/\/www.instagram.com\/compa.rj\/","https:\/\/www.youtube.com\/channel\/UCY1iG0m9EWwOa1S6P1UQl4w"]}]}},"_links":{"self":[{"href":"https:\/\/compa-rj.com.br\/en\/wp-json\/wp\/v2\/pages\/34406","targetHints":{"allow":["GET"]}}],"collection":[{"href":"https:\/\/compa-rj.com.br\/en\/wp-json\/wp\/v2\/pages"}],"about":[{"href":"https:\/\/compa-rj.com.br\/en\/wp-json\/wp\/v2\/types\/page"}],"author":[{"embeddable":true,"href":"https:\/\/compa-rj.com.br\/en\/wp-json\/wp\/v2\/users\/3"}],"replies":[{"embeddable":true,"href":"https:\/\/compa-rj.com.br\/en\/wp-json\/wp\/v2\/comments?post=34406"}],"version-history":[{"count":4,"href":"https:\/\/compa-rj.com.br\/en\/wp-json\/wp\/v2\/pages\/34406\/revisions"}],"predecessor-version":[{"id":34410,"href":"https:\/\/compa-rj.com.br\/en\/wp-json\/wp\/v2\/pages\/34406\/revisions\/34410"}],"up":[{"embeddable":true,"href":"https:\/\/compa-rj.com.br\/en\/wp-json\/wp\/v2\/pages\/33544"}],"wp:attachment":[{"href":"https:\/\/compa-rj.com.br\/en\/wp-json\/wp\/v2\/media?parent=34406"}],"curies":[{"name":"wp","href":"https:\/\/api.w.org\/{rel}","templated":true}]}}