{"id":2187,"date":"2021-08-10T11:12:08","date_gmt":"2021-08-10T14:12:08","guid":{"rendered":"https:\/\/compa-rj.com.br\/?page_id=2187"},"modified":"2022-07-11T12:21:37","modified_gmt":"2022-07-11T15:21:37","slug":"proposta-evangelizadora","status":"publish","type":"page","link":"https:\/\/compa-rj.com.br\/en\/proposta-evangelizadora\/","title":{"rendered":"Evangelizing Proposal"},"content":{"rendered":"\t\t<div data-elementor-type=\"wp-page\" data-elementor-id=\"2187\" class=\"elementor elementor-2187\" data-elementor-post-type=\"page\">\n\t\t\t\t\t\t<section class=\"elementor-section elementor-top-section elementor-element elementor-element-16d531a elementor-section-boxed elementor-section-height-default elementor-section-height-default\" data-id=\"16d531a\" data-element_type=\"section\">\n\t\t\t\t\t\t<div class=\"elementor-container elementor-column-gap-default\">\n\t\t\t\t\t<div class=\"elementor-column elementor-col-100 elementor-top-column elementor-element elementor-element-5fd6e8c\" data-id=\"5fd6e8c\" data-element_type=\"column\">\n\t\t\t<div class=\"elementor-widget-wrap elementor-element-populated\">\n\t\t\t\t\t\t<div class=\"elementor-element elementor-element-9d94ebf elementor-widget elementor-widget-heading\" data-id=\"9d94ebf\" data-element_type=\"widget\" data-widget_type=\"heading.default\">\n\t\t\t\t<div class=\"elementor-widget-container\">\n\t\t\t\t\t<h3 class=\"elementor-heading-title elementor-size-default\">Proposta Evangelizadora<\/h3>\t\t\t\t<\/div>\n\t\t\t\t<\/div>\n\t\t\t\t\t<\/div>\n\t\t<\/div>\n\t\t\t\t\t<\/div>\n\t\t<\/section>\n\t\t\t\t<section class=\"elementor-section elementor-top-section elementor-element elementor-element-70ca5706 elementor-section-boxed elementor-section-height-default elementor-section-height-default\" data-id=\"70ca5706\" data-element_type=\"section\">\n\t\t\t\t\t\t<div class=\"elementor-container elementor-column-gap-default\">\n\t\t\t\t\t<div class=\"elementor-column elementor-col-50 elementor-top-column elementor-element elementor-element-7c82fcb1\" data-id=\"7c82fcb1\" data-element_type=\"column\">\n\t\t\t<div class=\"elementor-widget-wrap elementor-element-populated\">\n\t\t\t\t\t\t<div class=\"elementor-element elementor-element-27159536 elementor-widget elementor-widget-text-editor\" data-id=\"27159536\" data-element_type=\"widget\" data-widget_type=\"text-editor.default\">\n\t\t\t\t<div class=\"elementor-widget-container\">\n\t\t\t\t\t\t\t\t\t<h5>A <strong>Companhia de Maria<\/strong> \u00e9 um projeto de miss\u00e3o apost\u00f3lica que nasceu da experi\u00eancia de vida de Santa Joana de Lestonnac. \u00c9 um Projeto Educa\u00e7\u00e3o-Miss\u00e3o, tornando realidade concreta o seu legado, atrav\u00e9s de seu Projeto Educativo.<\/h5><h5>\u00a0Uma educa\u00e7\u00e3o a servi\u00e7o da f\u00e9 que contribui para a transforma\u00e7\u00e3o da sociedade segundo os valores do Evangelho, e tem\u00a0 na pessoa de Maria, Nossa Senhora uma refer\u00eancia s\u00f3lida e inspiradora.<\/h5><h5>Nossa primeira e mais importante miss\u00e3o: convidar a viver a Boa Nova de Jesus de Nazar\u00e9, viver e compartilhar o Evangelho da alegria na realidade em que estamos; criando espa\u00e7os pr\u00f3ximos e abertos que valorizem as pessoas, cuidando das rela\u00e7\u00f5es interpessoais em um ambiente acolhedor, pr\u00f3ximo e alegre como experi\u00eancia evang\u00e9lica e educativa.<\/h5><h5>Desenvolver uma maior sensibilidade social, compromisso com a paz e a justi\u00e7a, abrindo caminho para o \u00a0\u00a0bem comum, a consci\u00eancia ecol\u00f3gica e o cuidado da Casa Comum.<\/h5><h5>Desenvolver o di\u00e1logo entre diferentes culturas e religi\u00f5es.<\/h5><h5>O desenvolvimento e o cultivo da espiritualidade, interioridade e transcend\u00eancia como campo f\u00e9rtil para o desenvolvimento integral e integrador de nossos estudantes, em todas as suas dimens\u00f5es ( acad\u00eamica, emocional e espiritual), oferecendo uma educa\u00e7\u00e3o evangelizadora, integral e transformadora.<\/h5>\t\t\t\t\t\t\t\t<\/div>\n\t\t\t\t<\/div>\n\t\t\t\t\t<\/div>\n\t\t<\/div>\n\t\t\t\t<div class=\"elementor-column elementor-col-50 elementor-top-column elementor-element elementor-element-121eb33\" data-id=\"121eb33\" data-element_type=\"column\">\n\t\t\t<div class=\"elementor-widget-wrap elementor-element-populated\">\n\t\t\t\t\t\t<div class=\"elementor-element elementor-element-274df07 elementor-widget elementor-widget-image\" data-id=\"274df07\" data-element_type=\"widget\" data-widget_type=\"image.default\">\n\t\t\t\t<div class=\"elementor-widget-container\">\n\t\t\t\t\t\t\t\t\t\t\t\t\t\t\t<img fetchpriority=\"high\" decoding=\"async\" width=\"720\" height=\"1000\" src=\"https:\/\/compa-rj.com.br\/wp-content\/uploads\/2022\/06\/Coord.-Tereza-2-720x1000.jpg\" class=\"attachment-portfolio-mf size-portfolio-mf wp-image-31148\" alt=\"\" srcset=\"https:\/\/compa-rj.com.br\/wp-content\/uploads\/2022\/06\/Coord.-Tereza-2-720x1000.jpg 720w, https:\/\/compa-rj.com.br\/wp-content\/uploads\/2022\/06\/Coord.-Tereza-2-8x12.jpg 8w\" sizes=\"(max-width:767px) 480px, 720px\" \/>\t\t\t\t\t\t\t\t\t\t\t\t\t\t\t<\/div>\n\t\t\t\t<\/div>\n\t\t\t\t<div class=\"elementor-element elementor-element-04b1241 elementor-widget elementor-widget-text-editor\" data-id=\"04b1241\" data-element_type=\"widget\" data-widget_type=\"text-editor.default\">\n\t\t\t\t<div class=\"elementor-widget-container\">\n\t\t\t\t\t\t\t\t\t<p style=\"text-align: center\">Teresa Magarinos<br \/><strong>Coordenadora da Pastoral<\/strong><\/p>\t\t\t\t\t\t\t\t<\/div>\n\t\t\t\t<\/div>\n\t\t\t\t\t<\/div>\n\t\t<\/div>\n\t\t\t\t\t<\/div>\n\t\t<\/section>\n\t\t\t\t<section class=\"elementor-section elementor-top-section elementor-element elementor-element-4560c7d3 elementor-section-boxed elementor-section-height-default elementor-section-height-default\" data-id=\"4560c7d3\" data-element_type=\"section\">\n\t\t\t\t\t\t<div class=\"elementor-container elementor-column-gap-default\">\n\t\t\t\t\t<div class=\"elementor-column elementor-col-50 elementor-top-column elementor-element elementor-element-f7c9e97\" data-id=\"f7c9e97\" data-element_type=\"column\">\n\t\t\t<div class=\"elementor-widget-wrap\">\n\t\t\t\t\t\t\t<\/div>\n\t\t<\/div>\n\t\t\t\t<div class=\"elementor-column elementor-col-50 elementor-top-column elementor-element elementor-element-179e4918\" data-id=\"179e4918\" data-element_type=\"column\">\n\t\t\t<div class=\"elementor-widget-wrap\">\n\t\t\t\t\t\t\t<\/div>\n\t\t<\/div>\n\t\t\t\t\t<\/div>\n\t\t<\/section>\n\t\t\t\t<section class=\"elementor-section elementor-top-section elementor-element elementor-element-e9bbab5 elementor-section-boxed elementor-section-height-default elementor-section-height-default\" data-id=\"e9bbab5\" data-element_type=\"section\">\n\t\t\t\t\t\t<div class=\"elementor-container elementor-column-gap-default\">\n\t\t\t\t\t<div class=\"elementor-column elementor-col-25 elementor-top-column elementor-element elementor-element-7336b30\" data-id=\"7336b30\" data-element_type=\"column\">\n\t\t\t<div class=\"elementor-widget-wrap elementor-element-populated\">\n\t\t\t\t\t\t<div class=\"elementor-element elementor-element-66cc43f elementor-absolute elementor-widget elementor-widget-heading\" data-id=\"66cc43f\" data-element_type=\"widget\" data-settings=\"{&quot;_position&quot;:&quot;absolute&quot;}\" data-widget_type=\"heading.default\">\n\t\t\t\t<div class=\"elementor-widget-container\">\n\t\t\t\t\t<h4 class=\"elementor-heading-title elementor-size-default\">Receba nossa Newsletter\n<\/h4>\t\t\t\t<\/div>\n\t\t\t\t<\/div>\n\t\t\t\t\t<\/div>\n\t\t<\/div>\n\t\t\t\t<div class=\"elementor-column elementor-col-25 elementor-top-column elementor-element elementor-element-a341f16\" data-id=\"a341f16\" data-element_type=\"column\">\n\t\t\t<div class=\"elementor-widget-wrap elementor-element-populated\">\n\t\t\t\t\t\t<div class=\"elementor-element elementor-element-53a52d2 elementor-widget elementor-widget-shortcode\" data-id=\"53a52d2\" data-element_type=\"widget\" data-widget_type=\"shortcode.default\">\n\t\t\t\t<div class=\"elementor-widget-container\">\n\t\t\t\t\t\t\t<div class=\"elementor-shortcode\"><br>\n<div class='fluentform ff-default fluentform_wrapper_11 ffs_default_wrap'><form data-form_id=\"11\" id=\"fluentform_11\" class=\"frm-fluent-form fluent_form_11 ff-el-form-top ff_form_instance_11_1 ff-form-loading ffs_default\" data-form_instance=\"ff_form_instance_11_1\" method=\"POST\" ><fieldset  style=\"border: none!important;margin: 0!important;padding: 0!important;background-color: transparent!important;box-shadow: none!important;outline: none!important; min-inline-size: 100%;\">\n                    <legend class=\"ff_screen_reader_title\" style=\"display: block; margin: 0!important;padding: 0!important;height: 0!important;text-indent: -999999px;width: 0!important;overflow:hidden;\">Newsletter<\/legend><input type='hidden' name='__fluent_form_embded_post_id' value='2187' \/><input type=\"hidden\" id=\"_fluentform_11_fluentformnonce\" name=\"_fluentform_11_fluentformnonce\" value=\"54ae4be912\" \/><input type=\"hidden\" name=\"_wp_http_referer\" value=\"\/en\/wp-json\/wp\/v2\/pages\/2187\" \/><div data-name=\"ff_cn_id_1\"  class='ff-t-container ff-column-container ff_columns_total_2 '><div class='ff-t-cell ff-t-column-1' style='flex-basis: 50%;'><div class='ff-el-group ff-el-form-hide_label has-conditions'><div class=\"ff-el-input--label ff-el-is-required asterisk-right\"><label for='ff_11_email_1' id='label_ff_11_email_1' aria-label=\"Newsletter\">Newsletter<\/label><\/div><div class='ff-el-input--content'><input type=\"email\" name=\"email_1\" id=\"ff_11_email_1\" class=\"ff-el-form-control\" placeholder=\"E-mail\" data-name=\"email_1\"  aria-invalid=\"false\" aria-required=true><\/div><\/div><div class='ff-el-group'><div class=\"ff-el-input--label ff-el-is-required asterisk-right\"><label for='ff_11_dropdown' id='label_ff_11_dropdown' aria-label=\"J\u00e1 tem estudante no Compa?\">J\u00e1 tem estudante no Compa?<\/label><\/div><div class='ff-el-input--content'><select name=\"dropdown\" id=\"ff_11_dropdown\" class=\"ff-el-form-control\" data-name=\"dropdown\" data-calc_value=\"0\"  aria-invalid=\"false\" aria-required=\"true\" aria-labelledby=\"label_ff_11_dropdown\"><option value=\"\">- Selecione -<\/option><option value=\"Sim\"  >Sim<\/option><option value=\"N\u00e3o\"  >N\u00e3o<\/option><\/select><\/div><\/div><\/div><div class='ff-t-cell ff-t-column-2' style='flex-basis: 50%;'><div class='ff-el-group ff-text-left  has-conditions ff_submit_btn_wrapper ff_submit_btn_wrapper_custom'><button class=\"ff-btn ff-btn-submit ff-btn-md ff_btn_style wpf_has_custom_css\" type=\"submit\" name=\"custom_submit_button-11_1\" data-name=\"custom_submit_button-11_1\"  aria-label=\"INSCREVER\">INSCREVER<\/button><style>form.fluent_form_11 .wpf_has_custom_css.ff-btn-submit { background-color:#409EFF;border-color:#409EFF;color:#ffffff;border-radius:-106px;min-width:40; }form.fluent_form_11 .wpf_has_custom_css.ff-btn-submit:hover { background-color:#ffffff;border-color:#409EFF;color:#409EFF;min-width:40%; } <\/style><\/div><\/div><\/div><\/fieldset><\/form><div id='fluentform_11_errors' class='ff-errors-in-stack ff_form_instance_11_1 ff-form-loading_errors ff_form_instance_11_1_errors'><\/div><\/div>            <script type=\"text\/javascript\">\n                window.fluent_form_ff_form_instance_11_1 = {\"id\":\"11\",\"settings\":{\"layout\":{\"labelPlacement\":\"top\",\"helpMessagePlacement\":\"with_label\",\"errorMessagePlacement\":\"inline\",\"cssClassName\":\"\",\"asteriskPlacement\":\"asterisk-right\"},\"restrictions\":{\"denyEmptySubmission\":{\"enabled\":false}}},\"form_instance\":\"ff_form_instance_11_1\",\"form_id_selector\":\"fluentform_11\",\"rules\":{\"email_1\":{\"required\":{\"value\":true,\"message\":\"Este campo \\u00e9 obrigat\\u00f3rio\"},\"email\":{\"value\":true,\"message\":\"This field must contain a valid email\"}},\"dropdown\":{\"required\":{\"value\":true,\"message\":\"Este campo \\u00e9 obrigat\\u00f3rio\"}}},\"debounce_time\":300,\"conditionals\":{\"email_1\":{\"type\":\"any\",\"status\":true,\"conditions\":[{\"field\":\"dropdown\",\"value\":\"Sim\",\"operator\":\"=\"},{\"field\":\"dropdown\",\"value\":\"N\\u00e3o\",\"operator\":\"=\"}]},\"custom_submit_button-11_1\":{\"type\":\"any\",\"status\":true,\"conditions\":[{\"field\":\"dropdown\",\"value\":\"Sim\",\"operator\":\"=\"},{\"field\":\"dropdown\",\"value\":\"N\\u00e3o\",\"operator\":\"=\"}]}}};\n                            <\/script>\n            <\/div>\n\t\t\t\t\t\t<\/div>\n\t\t\t\t<\/div>\n\t\t\t\t\t<\/div>\n\t\t<\/div>\n\t\t\t\t<div class=\"elementor-column elementor-col-25 elementor-top-column elementor-element elementor-element-d163fe4\" data-id=\"d163fe4\" data-element_type=\"column\">\n\t\t\t<div class=\"elementor-widget-wrap elementor-element-populated\">\n\t\t\t\t\t\t<div class=\"elementor-element elementor-element-90fe08f elementor-shape-circle e-grid-align-right elementor-grid-0 elementor-widget elementor-widget-social-icons\" data-id=\"90fe08f\" data-element_type=\"widget\" data-widget_type=\"social-icons.default\">\n\t\t\t\t<div class=\"elementor-widget-container\">\n\t\t\t\t\t\t\t<div class=\"elementor-social-icons-wrapper elementor-grid\" role=\"list\">\n\t\t\t\t\t\t\t<span class=\"elementor-grid-item\" role=\"listitem\">\n\t\t\t\t\t<a class=\"elementor-icon elementor-social-icon elementor-social-icon-instagram elementor-repeater-item-acb696f\" href=\"https:\/\/www.instagram.com\/compa.rj\" target=\"_blank\">\n\t\t\t\t\t\t<span class=\"elementor-screen-only\">Instagram<\/span>\n\t\t\t\t\t\t<i aria-hidden=\"true\" class=\"fab fa-instagram\"><\/i>\t\t\t\t\t<\/a>\n\t\t\t\t<\/span>\n\t\t\t\t\t\t\t<span class=\"elementor-grid-item\" role=\"listitem\">\n\t\t\t\t\t<a class=\"elementor-icon elementor-social-icon elementor-social-icon-facebook elementor-repeater-item-6ae280e\" href=\"https:\/\/www.facebook.com\/ciademaria\/\" target=\"_blank\">\n\t\t\t\t\t\t<span class=\"elementor-screen-only\">Facebook<\/span>\n\t\t\t\t\t\t<i aria-hidden=\"true\" class=\"fab fa-facebook\"><\/i>\t\t\t\t\t<\/a>\n\t\t\t\t<\/span>\n\t\t\t\t\t\t\t<span class=\"elementor-grid-item\" role=\"listitem\">\n\t\t\t\t\t<a class=\"elementor-icon elementor-social-icon elementor-social-icon-youtube elementor-repeater-item-ad19590\" href=\"https:\/\/www.youtube.com\/channel\/UCY1iG0m9EWwOa1S6P1UQl4w\" target=\"_blank\">\n\t\t\t\t\t\t<span class=\"elementor-screen-only\">Youtube<\/span>\n\t\t\t\t\t\t<i aria-hidden=\"true\" class=\"fab fa-youtube\"><\/i>\t\t\t\t\t<\/a>\n\t\t\t\t<\/span>\n\t\t\t\t\t<\/div>\n\t\t\t\t\t\t<\/div>\n\t\t\t\t<\/div>\n\t\t\t\t\t<\/div>\n\t\t<\/div>\n\t\t\t\t<div class=\"elementor-column elementor-col-25 elementor-top-column elementor-element elementor-element-b2b4151\" data-id=\"b2b4151\" data-element_type=\"column\">\n\t\t\t<div class=\"elementor-widget-wrap\">\n\t\t\t\t\t\t\t<\/div>\n\t\t<\/div>\n\t\t\t\t\t<\/div>\n\t\t<\/section>\n\t\t\t\t<\/div>\n\t\t","protected":false},"excerpt":{"rendered":"<p>Proposta Evangelizadora A Companhia de Maria \u00e9 um projeto de miss\u00e3o apost\u00f3lica que nasceu da experi\u00eancia de vida de Santa Joana de Lestonnac. \u00c9 um Projeto<span class=\"excerpt-hellip\"> [\u2026]<\/span><\/p>\n","protected":false},"author":1,"featured_media":0,"parent":0,"menu_order":0,"comment_status":"closed","ping_status":"closed","template":"","meta":{"footnotes":""},"class_list":["post-2187","page","type-page","status-publish","hentry"],"yoast_head":"<!-- This site is optimized with the Yoast SEO Premium plugin v25.7.1 (Yoast SEO v27.3) - https:\/\/yoast.com\/product\/yoast-seo-premium-wordpress\/ -->\n<title>Proposta Evangelizadora &#187; Compa RJ \u00bb Col\u00e9gio da Companhia de Maria<\/title>\n<meta name=\"description\" content=\"Nosso olhar aponta para o novo, sem desconsiderar a seguran\u00e7a da tradi\u00e7\u00e3o de quem educa h\u00e1 mais de 400 anos em v\u00e1rias partes do mundo.\" \/>\n<meta name=\"robots\" content=\"index, follow, max-snippet:-1, max-image-preview:large, max-video-preview:-1\" \/>\n<link rel=\"canonical\" href=\"https:\/\/compa-rj.com.br\/en\/proposta-evangelizadora\/\" \/>\n<meta property=\"og:locale\" content=\"en_US\" \/>\n<meta property=\"og:type\" content=\"article\" \/>\n<meta property=\"og:title\" content=\"Proposta Evangelizadora &#187; Compa RJ \u00bb Col\u00e9gio da Companhia de Maria\" \/>\n<meta property=\"og:description\" content=\"Nosso olhar aponta para o novo, sem desconsiderar a seguran\u00e7a da tradi\u00e7\u00e3o de quem educa h\u00e1 mais de 400 anos em v\u00e1rias partes do mundo.\" \/>\n<meta property=\"og:url\" content=\"https:\/\/compa-rj.com.br\/en\/proposta-evangelizadora\/\" \/>\n<meta property=\"og:site_name\" content=\"Compa RJ \u00bb Col\u00e9gio da Companhia de Maria\" \/>\n<meta property=\"article:publisher\" content=\"https:\/\/www.facebook.com\/ciademaria\/\" \/>\n<meta property=\"article:modified_time\" content=\"2022-07-11T15:21:37+00:00\" \/>\n<meta property=\"og:image\" content=\"https:\/\/compa-rj.com.br\/wp-content\/uploads\/2022\/06\/Coord.-Tereza-2-720x1000.jpg\" \/>\n<meta name=\"twitter:card\" content=\"summary_large_image\" \/>\n<meta name=\"twitter:label1\" content=\"Est. reading time\" \/>\n\t<meta name=\"twitter:data1\" content=\"2 minutes\" \/>\n<script type=\"application\/ld+json\" class=\"yoast-schema-graph\">{\"@context\":\"https:\\\/\\\/schema.org\",\"@graph\":[{\"@type\":\"WebPage\",\"@id\":\"https:\\\/\\\/compa-rj.com.br\\\/proposta-evangelizadora\\\/\",\"url\":\"https:\\\/\\\/compa-rj.com.br\\\/proposta-evangelizadora\\\/\",\"name\":\"Proposta Evangelizadora &#187; Compa RJ \u00bb Col\u00e9gio da Companhia de Maria\",\"isPartOf\":{\"@id\":\"https:\\\/\\\/compa-rj.com.br\\\/#website\"},\"primaryImageOfPage\":{\"@id\":\"https:\\\/\\\/compa-rj.com.br\\\/proposta-evangelizadora\\\/#primaryimage\"},\"image\":{\"@id\":\"https:\\\/\\\/compa-rj.com.br\\\/proposta-evangelizadora\\\/#primaryimage\"},\"thumbnailUrl\":\"https:\\\/\\\/compa-rj.com.br\\\/wp-content\\\/uploads\\\/2022\\\/06\\\/Coord.-Tereza-2-720x1000.jpg\",\"datePublished\":\"2021-08-10T14:12:08+00:00\",\"dateModified\":\"2022-07-11T15:21:37+00:00\",\"description\":\"Nosso olhar aponta para o novo, sem desconsiderar a seguran\u00e7a da tradi\u00e7\u00e3o de quem educa h\u00e1 mais de 400 anos em v\u00e1rias partes do mundo.\",\"breadcrumb\":{\"@id\":\"https:\\\/\\\/compa-rj.com.br\\\/proposta-evangelizadora\\\/#breadcrumb\"},\"inLanguage\":\"en-US\",\"potentialAction\":[{\"@type\":\"ReadAction\",\"target\":[\"https:\\\/\\\/compa-rj.com.br\\\/proposta-evangelizadora\\\/\"]}]},{\"@type\":\"ImageObject\",\"inLanguage\":\"en-US\",\"@id\":\"https:\\\/\\\/compa-rj.com.br\\\/proposta-evangelizadora\\\/#primaryimage\",\"url\":\"https:\\\/\\\/compa-rj.com.br\\\/wp-content\\\/uploads\\\/2022\\\/06\\\/Coord.-Tereza-2-720x1000.jpg\",\"contentUrl\":\"https:\\\/\\\/compa-rj.com.br\\\/wp-content\\\/uploads\\\/2022\\\/06\\\/Coord.-Tereza-2-720x1000.jpg\"},{\"@type\":\"BreadcrumbList\",\"@id\":\"https:\\\/\\\/compa-rj.com.br\\\/proposta-evangelizadora\\\/#breadcrumb\",\"itemListElement\":[{\"@type\":\"ListItem\",\"position\":1,\"name\":\"In\u00edcio\",\"item\":\"https:\\\/\\\/compa-rj.com.br\\\/\"},{\"@type\":\"ListItem\",\"position\":2,\"name\":\"Proposta Evangelizadora\"}]},{\"@type\":\"WebSite\",\"@id\":\"https:\\\/\\\/compa-rj.com.br\\\/#website\",\"url\":\"https:\\\/\\\/compa-rj.com.br\\\/\",\"name\":\"Compa RJ \u00bb Col\u00e9gio da Companhia de Maria\",\"description\":\"Rede Internacional de Ensino\",\"publisher\":{\"@id\":\"https:\\\/\\\/compa-rj.com.br\\\/#organization\"},\"potentialAction\":[{\"@type\":\"SearchAction\",\"target\":{\"@type\":\"EntryPoint\",\"urlTemplate\":\"https:\\\/\\\/compa-rj.com.br\\\/?s={search_term_string}\"},\"query-input\":{\"@type\":\"PropertyValueSpecification\",\"valueRequired\":true,\"valueName\":\"search_term_string\"}}],\"inLanguage\":\"en-US\"},{\"@type\":\"Organization\",\"@id\":\"https:\\\/\\\/compa-rj.com.br\\\/#organization\",\"name\":\"Compa RJ \u2022 Col\u00e9gio da Companhia de Maria\",\"url\":\"https:\\\/\\\/compa-rj.com.br\\\/\",\"logo\":{\"@type\":\"ImageObject\",\"inLanguage\":\"en-US\",\"@id\":\"https:\\\/\\\/compa-rj.com.br\\\/#\\\/schema\\\/logo\\\/image\\\/\",\"url\":\"https:\\\/\\\/compa-rj.com.br\\\/wp-content\\\/uploads\\\/2022\\\/07\\\/LOGO_AZUL_COMPARJ.png\",\"contentUrl\":\"https:\\\/\\\/compa-rj.com.br\\\/wp-content\\\/uploads\\\/2022\\\/07\\\/LOGO_AZUL_COMPARJ.png\",\"width\":221,\"height\":76,\"caption\":\"Compa RJ \u2022 Col\u00e9gio da Companhia de Maria\"},\"image\":{\"@id\":\"https:\\\/\\\/compa-rj.com.br\\\/#\\\/schema\\\/logo\\\/image\\\/\"},\"sameAs\":[\"https:\\\/\\\/www.facebook.com\\\/ciademaria\\\/\",\"https:\\\/\\\/www.instagram.com\\\/compa.rj\\\/\",\"https:\\\/\\\/www.youtube.com\\\/channel\\\/UCY1iG0m9EWwOa1S6P1UQl4w\"]}]}<\/script>\n<!-- \/ Yoast SEO Premium plugin. -->","yoast_head_json":{"title":"Proposta Evangelizadora &#187; Compa RJ \u00bb Col\u00e9gio da Companhia de Maria","description":"Nosso olhar aponta para o novo, sem desconsiderar a seguran\u00e7a da tradi\u00e7\u00e3o de quem educa h\u00e1 mais de 400 anos em v\u00e1rias partes do mundo.","robots":{"index":"index","follow":"follow","max-snippet":"max-snippet:-1","max-image-preview":"max-image-preview:large","max-video-preview":"max-video-preview:-1"},"canonical":"https:\/\/compa-rj.com.br\/en\/proposta-evangelizadora\/","og_locale":"en_US","og_type":"article","og_title":"Proposta Evangelizadora &#187; Compa RJ \u00bb Col\u00e9gio da Companhia de Maria","og_description":"Nosso olhar aponta para o novo, sem desconsiderar a seguran\u00e7a da tradi\u00e7\u00e3o de quem educa h\u00e1 mais de 400 anos em v\u00e1rias partes do mundo.","og_url":"https:\/\/compa-rj.com.br\/en\/proposta-evangelizadora\/","og_site_name":"Compa RJ \u00bb Col\u00e9gio da Companhia de Maria","article_publisher":"https:\/\/www.facebook.com\/ciademaria\/","article_modified_time":"2022-07-11T15:21:37+00:00","og_image":[{"url":"https:\/\/compa-rj.com.br\/wp-content\/uploads\/2022\/06\/Coord.-Tereza-2-720x1000.jpg","type":"","width":"","height":""}],"twitter_card":"summary_large_image","twitter_misc":{"Est. reading time":"2 minutes"},"schema":{"@context":"https:\/\/schema.org","@graph":[{"@type":"WebPage","@id":"https:\/\/compa-rj.com.br\/proposta-evangelizadora\/","url":"https:\/\/compa-rj.com.br\/proposta-evangelizadora\/","name":"Proposta Evangelizadora &#187; Compa RJ \u00bb Col\u00e9gio da Companhia de Maria","isPartOf":{"@id":"https:\/\/compa-rj.com.br\/#website"},"primaryImageOfPage":{"@id":"https:\/\/compa-rj.com.br\/proposta-evangelizadora\/#primaryimage"},"image":{"@id":"https:\/\/compa-rj.com.br\/proposta-evangelizadora\/#primaryimage"},"thumbnailUrl":"https:\/\/compa-rj.com.br\/wp-content\/uploads\/2022\/06\/Coord.-Tereza-2-720x1000.jpg","datePublished":"2021-08-10T14:12:08+00:00","dateModified":"2022-07-11T15:21:37+00:00","description":"Nosso olhar aponta para o novo, sem desconsiderar a seguran\u00e7a da tradi\u00e7\u00e3o de quem educa h\u00e1 mais de 400 anos em v\u00e1rias partes do mundo.","breadcrumb":{"@id":"https:\/\/compa-rj.com.br\/proposta-evangelizadora\/#breadcrumb"},"inLanguage":"en-US","potentialAction":[{"@type":"ReadAction","target":["https:\/\/compa-rj.com.br\/proposta-evangelizadora\/"]}]},{"@type":"ImageObject","inLanguage":"en-US","@id":"https:\/\/compa-rj.com.br\/proposta-evangelizadora\/#primaryimage","url":"https:\/\/compa-rj.com.br\/wp-content\/uploads\/2022\/06\/Coord.-Tereza-2-720x1000.jpg","contentUrl":"https:\/\/compa-rj.com.br\/wp-content\/uploads\/2022\/06\/Coord.-Tereza-2-720x1000.jpg"},{"@type":"BreadcrumbList","@id":"https:\/\/compa-rj.com.br\/proposta-evangelizadora\/#breadcrumb","itemListElement":[{"@type":"ListItem","position":1,"name":"In\u00edcio","item":"https:\/\/compa-rj.com.br\/"},{"@type":"ListItem","position":2,"name":"Proposta Evangelizadora"}]},{"@type":"WebSite","@id":"https:\/\/compa-rj.com.br\/#website","url":"https:\/\/compa-rj.com.br\/","name":"Compa RJ \u00bb Col\u00e9gio da Companhia de Maria","description":"International Education Network","publisher":{"@id":"https:\/\/compa-rj.com.br\/#organization"},"potentialAction":[{"@type":"SearchAction","target":{"@type":"EntryPoint","urlTemplate":"https:\/\/compa-rj.com.br\/?s={search_term_string}"},"query-input":{"@type":"PropertyValueSpecification","valueRequired":true,"valueName":"search_term_string"}}],"inLanguage":"en-US"},{"@type":"Organization","@id":"https:\/\/compa-rj.com.br\/#organization","name":"Compa RJ \u2022 Col\u00e9gio da Companhia de Maria","url":"https:\/\/compa-rj.com.br\/","logo":{"@type":"ImageObject","inLanguage":"en-US","@id":"https:\/\/compa-rj.com.br\/#\/schema\/logo\/image\/","url":"https:\/\/compa-rj.com.br\/wp-content\/uploads\/2022\/07\/LOGO_AZUL_COMPARJ.png","contentUrl":"https:\/\/compa-rj.com.br\/wp-content\/uploads\/2022\/07\/LOGO_AZUL_COMPARJ.png","width":221,"height":76,"caption":"Compa RJ \u2022 Col\u00e9gio da Companhia de Maria"},"image":{"@id":"https:\/\/compa-rj.com.br\/#\/schema\/logo\/image\/"},"sameAs":["https:\/\/www.facebook.com\/ciademaria\/","https:\/\/www.instagram.com\/compa.rj\/","https:\/\/www.youtube.com\/channel\/UCY1iG0m9EWwOa1S6P1UQl4w"]}]}},"_links":{"self":[{"href":"https:\/\/compa-rj.com.br\/en\/wp-json\/wp\/v2\/pages\/2187","targetHints":{"allow":["GET"]}}],"collection":[{"href":"https:\/\/compa-rj.com.br\/en\/wp-json\/wp\/v2\/pages"}],"about":[{"href":"https:\/\/compa-rj.com.br\/en\/wp-json\/wp\/v2\/types\/page"}],"author":[{"embeddable":true,"href":"https:\/\/compa-rj.com.br\/en\/wp-json\/wp\/v2\/users\/1"}],"replies":[{"embeddable":true,"href":"https:\/\/compa-rj.com.br\/en\/wp-json\/wp\/v2\/comments?post=2187"}],"version-history":[{"count":71,"href":"https:\/\/compa-rj.com.br\/en\/wp-json\/wp\/v2\/pages\/2187\/revisions"}],"predecessor-version":[{"id":31838,"href":"https:\/\/compa-rj.com.br\/en\/wp-json\/wp\/v2\/pages\/2187\/revisions\/31838"}],"wp:attachment":[{"href":"https:\/\/compa-rj.com.br\/en\/wp-json\/wp\/v2\/media?parent=2187"}],"curies":[{"name":"wp","href":"https:\/\/api.w.org\/{rel}","templated":true}]}}